{"id":12772,"date":"2020-06-25T18:21:47","date_gmt":"2020-06-25T16:21:47","guid":{"rendered":"http:\/\/ariapireneus.com\/?page_id=12772"},"modified":"2022-04-29T08:08:39","modified_gmt":"2022-04-29T06:08:39","slug":"concerts-occitan","status":"publish","type":"page","link":"http:\/\/ariapireneus.com\/index.php\/concerts-occitan\/","title":{"rendered":"Conc\u00e8rts"},"content":{"rendered":"<p>[vc_row css=\u00a0\u00bb.vc_custom_1521821004994{padding-top: 20px !important;padding-bottom: 60px !important;}\u00a0\u00bb][vc_column width=\u00a0\u00bb5\/6&Prime;][vc_column_text]<strong><img loading=\"lazy\" class=\"wp-image-12932 alignright\" src=\"http:\/\/ariapireneus.com\/wp-content\/uploads\/2022\/04\/affiche-A4-2022-vectoweb-212x300.jpg\" alt=\"\" width=\"424\" height=\"600\" srcset=\"http:\/\/ariapireneus.com\/wp-content\/uploads\/2022\/04\/affiche-A4-2022-vectoweb-212x300.jpg 212w, http:\/\/ariapireneus.com\/wp-content\/uploads\/2022\/04\/affiche-A4-2022-vectoweb-724x1024.jpg 724w, http:\/\/ariapireneus.com\/wp-content\/uploads\/2022\/04\/affiche-A4-2022-vectoweb-768x1086.jpg 768w, http:\/\/ariapireneus.com\/wp-content\/uploads\/2022\/04\/affiche-A4-2022-vectoweb-1086x1536.jpg 1086w, http:\/\/ariapireneus.com\/wp-content\/uploads\/2022\/04\/affiche-A4-2022-vectoweb-1448x2048.jpg 1448w, http:\/\/ariapireneus.com\/wp-content\/uploads\/2022\/04\/affiche-A4-2022-vectoweb-scaled.jpg 1810w\" sizes=\"(max-width: 424px) 100vw, 424px\" \/><\/strong><\/p>\n<p><strong>Lo programa d\u2019un vintenat de pe\u00e7as es interpretat per Michel Fenasse-Amat enrodat d\u2019un c\u00f2r e d\u2019un ens\u00e8ms orquestral.<\/strong><\/p>\n<p>Dempu\u00e8i la creacion publica a l\u2019Ostal d\u2019Occit\u00e0nia de Tolosa en octobre de 2015 e l\u2019edicion de l\u2019album <em>Aria Piren\u00e8us<\/em> (lab\u00e8l Agorila) en 2016, la creacion musicala piren\u00e8a de Michel Fenasse-Amat fogu\u00e8t presentada dins l\u2019encastre de programacions div\u00e8rsas\u00a0: Festenal de la Catedrala de Narbona, Sc\u00e8na de Foish, Festenal Deodat de Severac, virada saludada per la premsa al mes d\u2019agost de 2018 al Pa\u00eds Basc amb una finala dins la cort del Cast\u00e8l de Pau\u2026<\/p>\n<p><em>Aria Piren\u00e8us<\/em> fogu\u00e8t programat per l\u2019eveniment tolosenc \u00ab\u00a02018, annada d\u2019Occit\u00e0nia\u00a0&#8211; Tolosa Occitana\u00a0\u00bb, pu\u00e8i en Espanha al mes de junh de 2019 al Cast\u00e8l de Loarre (Prov\u00edncia de Huesca), programat per la Comunautat Auton\u00f2ma d\u2019Aragon, e al mes de setembre de 2019 dins la Cort del Cast\u00e8l Comtal de Carcassona, programat pels Monuments de Fran\u00e7a.<\/p>\n<p>Resid\u00e9ncias artisticas a l\u2019Ospitalea d\u2019Irissary (Comandari\u00e1 del s\u00e8gle XVII -proprietat del Departament dels Piren\u00e8us atlantics), siti mager dels camins de Sant Jacme de Compost\u00e8la al Pa\u00eds basc, d\u2019octobre de 2020 al mes de mai de 2022<\/p>\n<p>Aquelas resid\u00e9ncias artisticas a l\u2019Ospitalea d\u2019Irissary menan a desvolopar l\u2019\u00f2bra amb notadament de compausicions nov\u00e8las, lo recampament de coristas e musicaires del Pa\u00eds basc e del departament.[\/vc_column_text][vc_empty_space][vc_zigzag][vc_empty_space][vc_column_text]<strong><img loading=\"lazy\" class=\"alignright wp-image-12710 size-full\" src=\"http:\/\/ariapireneus.com\/wp-content\/uploads\/2020\/06\/carcasonne.png\" alt=\"\" width=\"520\" height=\"467\" srcset=\"http:\/\/ariapireneus.com\/wp-content\/uploads\/2020\/06\/carcasonne.png 520w, http:\/\/ariapireneus.com\/wp-content\/uploads\/2020\/06\/carcasonne-300x269.png 300w\" sizes=\"(max-width: 520px) 100vw, 520px\" \/><\/strong><\/p>\n<p><strong><span style=\"color: #ff0000;\">Los conc\u00e8rts<\/span><\/strong><\/p>\n<p><strong>Dimenge 20 de mars de 2022<\/strong><br \/>\nIrissary 16 oras 30<br \/>\nGl\u00e8isa Sant-Joan-Baptista<\/p>\n<p><strong>Dimenge 29 d\u2019abrial de 2022<\/strong><br \/>\nCambo dels Banhs 20 oras 30<br \/>\nGl\u00e8isa Sant-Lauren\u00e7<br \/>\nFestival Musical et Litt\u00e9raire d\u2019Arnaga<\/p>\n<p><strong>Diluns 9 demai de 2022<\/strong><br \/>\nBruss\u00e8las, F\u00e8sta d\u2019Eur\u00f2pa, 20 oras<br \/>\nCatedrala Sant-Jacme de Coudenberg<\/p>\n<p><strong>Dissabte 20 d\u2019agost de 2022<\/strong><br \/>\nIrissary, 21 oras 30<br \/>\nP\u00f2rge de l\u2019Ospitalea<br \/>\n(repl\u00e8c a la gl\u00e8isa per cas de temp\u00e8ri)<\/p>\n<p><strong>Dimenge 25 d\u2019agost de 2022<\/strong><br \/>\nArcangas, a 21 oras 15<br \/>\nGl\u00e8isa Sant-Joan-Baptista<br \/>\nLes Nuits d\u2019Arcangues &#8211; programacion lirica estivenca al Pa\u00eds basc[\/vc_column_text][vc_empty_space][vc_zigzag][\/vc_column][vc_column width=\u00a0\u00bb1\/6&Prime;][vc_single_image image=\u00a0\u00bb12350&Prime; img_size=\u00a0\u00bb48&#215;48&Prime; alignment=\u00a0\u00bbcenter\u00a0\u00bb onclick=\u00a0\u00bbcustom_link\u00a0\u00bb link=\u00a0\u00bbhttp:\/\/ariapireneus.com\/index.php\/concerts-catalan\/\u00a0\u00bb][vc_single_image image=\u00a0\u00bb12363&Prime; alignment=\u00a0\u00bbcenter\u00a0\u00bb onclick=\u00a0\u00bbcustom_link\u00a0\u00bb link=\u00a0\u00bbhttp:\/\/ariapireneus.com\/\u00a0\u00bb][vc_single_image image=\u00a0\u00bb12352&Prime; img_size=\u00a0\u00bb48&#215;48&Prime; alignment=\u00a0\u00bbcenter\u00a0\u00bb onclick=\u00a0\u00bbcustom_link\u00a0\u00bb link=\u00a0\u00bbhttp:\/\/ariapireneus.com\/index.php\/concerts-anglais\/\u00a0\u00bb][vc_single_image image=\u00a0\u00bb12353&Prime; img_size=\u00a0\u00bb48&#215;48&Prime; alignment=\u00a0\u00bbcenter\u00a0\u00bb onclick=\u00a0\u00bbcustom_link\u00a0\u00bb link=\u00a0\u00bbhttp:\/\/ariapireneus.com\/index.php\/concerts-occitan\/\u00a0\u00bb][vc_single_image image=\u00a0\u00bb12354&Prime; img_size=\u00a0\u00bb48&#215;48&Prime; alignment=\u00a0\u00bbcenter\u00a0\u00bb onclick=\u00a0\u00bbcustom_link\u00a0\u00bb link=\u00a0\u00bbhttp:\/\/ariapireneus.com\/index.php\/concerts-basque\/\u00a0\u00bb][vc_single_image image=\u00a0\u00bb12355&Prime; img_size=\u00a0\u00bb48&#215;48&Prime; alignment=\u00a0\u00bbcenter\u00a0\u00bb onclick=\u00a0\u00bbcustom_link\u00a0\u00bb link=\u00a0\u00bbhttp:\/\/ariapireneus.com\/index.php\/concerts-espagnol\/\u00a0\u00bb][\/vc_column][\/vc_row][vc_row css=\u00a0\u00bb.vc_custom_1522830505292{padding-bottom: 30px !important;}\u00a0\u00bb][vc_column width=\u00a0\u00bb1\/2&Prime;][vc_single_image image=\u00a0\u00bb12708&Prime; img_size=\u00a0\u00bbfull\u00a0\u00bb][\/vc_column][vc_column width=\u00a0\u00bb1\/2&Prime;][vc_single_image image=\u00a0\u00bb12707&Prime; img_size=\u00a0\u00bbfull\u00a0\u00bb][\/vc_column][\/vc_row][vc_row css=\u00a0\u00bb.vc_custom_1522830505292{padding-bottom: 30px !important;}\u00a0\u00bb][vc_column width=\u00a0\u00bb1\/2&Prime;][vc_single_image image=\u00a0\u00bb12784&Prime; img_size=\u00a0\u00bbfull\u00a0\u00bb][\/vc_column][vc_column width=\u00a0\u00bb1\/2&Prime;][vc_single_image image=\u00a0\u00bb12706&Prime; img_size=\u00a0\u00bbfull\u00a0\u00bb][\/vc_column][\/vc_row]<\/p>\n","protected":false},"excerpt":{"rendered":"<p>[vc_row css=\u00a0\u00bb.vc_custom_1521821004994{padding-top: 20px !important;padding-bottom: 60px !important;}\u00a0\u00bb][vc_column width=\u00a0\u00bb5\/6&Prime;][vc_column_text] Lo programa d\u2019un vintenat de pe\u00e7as es interpretat per Michel Fenasse-Amat enrodat d\u2019un c\u00f2r e d\u2019un ens\u00e8ms orquestral. Dempu\u00e8i la creacion publica a l\u2019Ostal d\u2019Occit\u00e0nia de Tolosa en octobre de 2015 e l\u2019edicion de l\u2019album Aria Piren\u00e8us (lab\u00e8l&#8230;<\/p>\n","protected":false},"author":1,"featured_media":0,"parent":0,"menu_order":0,"comment_status":"closed","ping_status":"closed","template":"","meta":[],"_links":{"self":[{"href":"http:\/\/ariapireneus.com\/index.php\/wp-json\/wp\/v2\/pages\/12772"}],"collection":[{"href":"http:\/\/ariapireneus.com\/index.php\/wp-json\/wp\/v2\/pages"}],"about":[{"href":"http:\/\/ariapireneus.com\/index.php\/wp-json\/wp\/v2\/types\/page"}],"author":[{"embeddable":true,"href":"http:\/\/ariapireneus.com\/index.php\/wp-json\/wp\/v2\/users\/1"}],"replies":[{"embeddable":true,"href":"http:\/\/ariapireneus.com\/index.php\/wp-json\/wp\/v2\/comments?post=12772"}],"version-history":[{"count":5,"href":"http:\/\/ariapireneus.com\/index.php\/wp-json\/wp\/v2\/pages\/12772\/revisions"}],"predecessor-version":[{"id":12939,"href":"http:\/\/ariapireneus.com\/index.php\/wp-json\/wp\/v2\/pages\/12772\/revisions\/12939"}],"wp:attachment":[{"href":"http:\/\/ariapireneus.com\/index.php\/wp-json\/wp\/v2\/media?parent=12772"}],"curies":[{"name":"wp","href":"https:\/\/api.w.org\/{rel}","templated":true}]}}