{"id":12768,"date":"2020-06-25T18:16:42","date_gmt":"2020-06-25T16:16:42","guid":{"rendered":"http:\/\/ariapireneus.com\/?page_id=12768"},"modified":"2022-04-29T08:09:19","modified_gmt":"2022-04-29T06:09:19","slug":"concerts-espagnol","status":"publish","type":"page","link":"http:\/\/ariapireneus.com\/index.php\/concerts-espagnol\/","title":{"rendered":"Conciertos"},"content":{"rendered":"<p>[vc_row css=\u00a0\u00bb.vc_custom_1521821004994{padding-top: 20px !important;padding-bottom: 60px !important;}\u00a0\u00bb][vc_column width=\u00a0\u00bb5\/6&Prime;][vc_column_text]<strong><img loading=\"lazy\" class=\"alignright wp-image-12932\" src=\"http:\/\/ariapireneus.com\/wp-content\/uploads\/2022\/04\/affiche-A4-2022-vectoweb-212x300.jpg\" alt=\"\" width=\"424\" height=\"600\" srcset=\"http:\/\/ariapireneus.com\/wp-content\/uploads\/2022\/04\/affiche-A4-2022-vectoweb-212x300.jpg 212w, http:\/\/ariapireneus.com\/wp-content\/uploads\/2022\/04\/affiche-A4-2022-vectoweb-724x1024.jpg 724w, http:\/\/ariapireneus.com\/wp-content\/uploads\/2022\/04\/affiche-A4-2022-vectoweb-768x1086.jpg 768w, http:\/\/ariapireneus.com\/wp-content\/uploads\/2022\/04\/affiche-A4-2022-vectoweb-1086x1536.jpg 1086w, http:\/\/ariapireneus.com\/wp-content\/uploads\/2022\/04\/affiche-A4-2022-vectoweb-1448x2048.jpg 1448w, http:\/\/ariapireneus.com\/wp-content\/uploads\/2022\/04\/affiche-A4-2022-vectoweb-scaled.jpg 1810w\" sizes=\"(max-width: 424px) 100vw, 424px\" \/><\/strong><\/p>\n<p><strong>El programa de unas veinte piezas es realizado por Michel Fenasse-Amat acompa\u00f1ado por un coro y un conjunto orquestal.<\/strong><strong>\u00a0<\/strong><\/p>\n<p>Desde la creaci\u00f3n p\u00fablica en el Ostal de Occit\u00e0nia en Toulouse (Casa de Occitania) en octubre de 2015 y el lanzamiento del \u00e1lbum <em>Aria Piren\u00e8us<\/em> (sello Agorila) en 2016, Michel Fenasse-Amat ha presentado su creaci\u00f3n musical pirenaica en varios programas : Festival de la Catedral de Narbona, Escenario de Foix, Festival Deodat de Severac, una gira de conciertos aclamada por la prensa en agosto de 2018 en el Pa\u00eds Vasco finalizada en el patio del Castillo de Pau\u2026<\/p>\n<p><em>Aria Piren\u00e8us<\/em> estuvo seleccionada en Toulouse para el evento \u00ab\u00a02018 a\u00f1o de Occit\u00e0nia &#8211; Tolosa Occitana \u00ab\u00a0, luego en Espa\u00f1a en junio 2019, programada por la Autonom\u00eda\u00a0 de Arag\u00f3n en el Castillo de Loarre (Huesca), y en septiembre de 2019, en el Patio del Castillo Condal\u00a0 de la Cit\u00e9 de Carcassonne (programada por los Monumentos de Francia).<\/p>\n<p>De octubre de 2020 a mayo de 2022, residencias art\u00edsticas en la Ospitalea d&rsquo;Irrissary (Castillo Hospitalario siglo XVII &#8211; propiedad del Departamento de los Pirineos Atl\u00e1nticos), insigne lugar de los Caminos de Santiago de Compostela.<\/p>\n<p>Estas residencias art\u00edsticas en la Ospitalea d&rsquo;Irissarry permiten continuar el desarrollo de la obra con en particular, nuevas composiciones y la reuni\u00f3n de coristas y m\u00fasicos del Pa\u00eds Vasco y del departamento.[\/vc_column_text][vc_empty_space][vc_zigzag][vc_empty_space][vc_column_text]<strong><img loading=\"lazy\" class=\"alignright wp-image-12710 size-full\" src=\"http:\/\/ariapireneus.com\/wp-content\/uploads\/2020\/06\/carcasonne.png\" alt=\"\" width=\"520\" height=\"467\" srcset=\"http:\/\/ariapireneus.com\/wp-content\/uploads\/2020\/06\/carcasonne.png 520w, http:\/\/ariapireneus.com\/wp-content\/uploads\/2020\/06\/carcasonne-300x269.png 300w\" sizes=\"(max-width: 520px) 100vw, 520px\" \/><\/strong><\/p>\n<p><strong><span style=\"color: #ff0000;\">Los conciertos<\/span><\/strong><\/p>\n<p><b><span style=\"color: black;\">Domingo 20 de marzo de 2022<br \/>\n<\/span><\/b><span style=\"color: black;\">Irissary, 4:30 p. m.<br \/>\n<\/span><span style=\"color: black;\">Iglesia de San Juan Bautista<\/span><\/p>\n<p><b><span style=\"color: black;\">Domingo 29 de abril de 2022<br \/>\n<\/span><\/b><span style=\"color: black;\">Cambo-les-Bains, 20:30 h.<br \/>\n<\/span><span style=\"color: black;\">Iglesia de San-Lorenzo<br \/>\n<\/span><span style=\"color: black;\">Festival Musical et Litt\u00e9raire d\u2019Arnaga<\/span><span style=\"color: black;\">\u00a0<\/span><\/p>\n<p><b><span style=\"color: black;\">Lunes, 9 de mayo de 2022<br \/>\n<\/span><\/b><span style=\"color: black;\">Bruselas &#8211; D\u00eda de Europa, 20 h<br \/>\n<\/span><span style=\"color: black;\">Catedral de Saint-Jacques-sur-Coudenberg<\/span><\/p>\n<p><b><span style=\"color: black;\">S\u00e1bado 20 de agosto de 2022<br \/>\n<\/span><\/b><span style=\"color: black;\">Irissary, 21:30 horas.<br \/>\n<\/span><span style=\"color: black;\">Patio de la Ospitalea<br \/>\n<\/span><span style=\"color: black;\">(Iglesia en caso de mal tiempo)<\/span><\/p>\n<p><b><span style=\"color: black;\">Domingo 25 de agosto de 2022<br \/>\n<\/span><\/b><span style=\"color: black;\">Arcangues, 21:15 h.<br \/>\n<\/span><span style=\"color: black;\">Iglesia de San Juan Bautista<br \/>\n<\/span><span style=\"color: black;\">Les Nuits d\u2019Arcangues \u2013 Programa l\u00edrico de verano en el Pa\u00eds Vasco<\/span>[\/vc_column_text][vc_empty_space][vc_zigzag][\/vc_column][vc_column width=\u00a0\u00bb1\/6&Prime;][vc_single_image image=\u00a0\u00bb12350&Prime; img_size=\u00a0\u00bb48&#215;48&Prime; alignment=\u00a0\u00bbcenter\u00a0\u00bb onclick=\u00a0\u00bbcustom_link\u00a0\u00bb link=\u00a0\u00bbhttp:\/\/ariapireneus.com\/index.php\/concerts-catalan\/\u00a0\u00bb][vc_single_image image=\u00a0\u00bb12363&Prime; alignment=\u00a0\u00bbcenter\u00a0\u00bb onclick=\u00a0\u00bbcustom_link\u00a0\u00bb link=\u00a0\u00bbhttp:\/\/ariapireneus.com\/\u00a0\u00bb][vc_single_image image=\u00a0\u00bb12352&Prime; img_size=\u00a0\u00bb48&#215;48&Prime; alignment=\u00a0\u00bbcenter\u00a0\u00bb onclick=\u00a0\u00bbcustom_link\u00a0\u00bb link=\u00a0\u00bbhttp:\/\/ariapireneus.com\/index.php\/concerts-anglais\/\u00a0\u00bb][vc_single_image image=\u00a0\u00bb12353&Prime; img_size=\u00a0\u00bb48&#215;48&Prime; alignment=\u00a0\u00bbcenter\u00a0\u00bb onclick=\u00a0\u00bbcustom_link\u00a0\u00bb link=\u00a0\u00bbhttp:\/\/ariapireneus.com\/index.php\/concerts-occitan\/\u00a0\u00bb][vc_single_image image=\u00a0\u00bb12354&Prime; img_size=\u00a0\u00bb48&#215;48&Prime; alignment=\u00a0\u00bbcenter\u00a0\u00bb onclick=\u00a0\u00bbcustom_link\u00a0\u00bb link=\u00a0\u00bbhttp:\/\/ariapireneus.com\/index.php\/concerts-basque\/\u00a0\u00bb][vc_single_image image=\u00a0\u00bb12355&Prime; img_size=\u00a0\u00bb48&#215;48&Prime; alignment=\u00a0\u00bbcenter\u00a0\u00bb onclick=\u00a0\u00bbcustom_link\u00a0\u00bb link=\u00a0\u00bbhttp:\/\/ariapireneus.com\/index.php\/concerts-espagnol\/\u00a0\u00bb][\/vc_column][\/vc_row][vc_row css=\u00a0\u00bb.vc_custom_1522830505292{padding-bottom: 30px !important;}\u00a0\u00bb][vc_column width=\u00a0\u00bb1\/2&Prime;][vc_single_image image=\u00a0\u00bb12708&Prime; img_size=\u00a0\u00bbfull\u00a0\u00bb][\/vc_column][vc_column width=\u00a0\u00bb1\/2&Prime;][vc_single_image image=\u00a0\u00bb12707&Prime; img_size=\u00a0\u00bbfull\u00a0\u00bb][\/vc_column][\/vc_row][vc_row css=\u00a0\u00bb.vc_custom_1522830505292{padding-bottom: 30px !important;}\u00a0\u00bb][vc_column width=\u00a0\u00bb1\/2&Prime;][vc_single_image image=\u00a0\u00bb12784&Prime; img_size=\u00a0\u00bbfull\u00a0\u00bb][\/vc_column][vc_column width=\u00a0\u00bb1\/2&Prime;][vc_single_image image=\u00a0\u00bb12706&Prime; img_size=\u00a0\u00bbfull\u00a0\u00bb][\/vc_column][\/vc_row]<\/p>\n","protected":false},"excerpt":{"rendered":"<p>[vc_row css=\u00a0\u00bb.vc_custom_1521821004994{padding-top: 20px !important;padding-bottom: 60px !important;}\u00a0\u00bb][vc_column width=\u00a0\u00bb5\/6&Prime;][vc_column_text] El programa de unas veinte piezas es realizado por Michel Fenasse-Amat acompa\u00f1ado por un coro y un conjunto orquestal.\u00a0 Desde la creaci\u00f3n p\u00fablica en el Ostal de Occit\u00e0nia en Toulouse (Casa de Occitania) en octubre de 2015 y&#8230;<\/p>\n","protected":false},"author":1,"featured_media":0,"parent":0,"menu_order":0,"comment_status":"closed","ping_status":"closed","template":"","meta":[],"_links":{"self":[{"href":"http:\/\/ariapireneus.com\/index.php\/wp-json\/wp\/v2\/pages\/12768"}],"collection":[{"href":"http:\/\/ariapireneus.com\/index.php\/wp-json\/wp\/v2\/pages"}],"about":[{"href":"http:\/\/ariapireneus.com\/index.php\/wp-json\/wp\/v2\/types\/page"}],"author":[{"embeddable":true,"href":"http:\/\/ariapireneus.com\/index.php\/wp-json\/wp\/v2\/users\/1"}],"replies":[{"embeddable":true,"href":"http:\/\/ariapireneus.com\/index.php\/wp-json\/wp\/v2\/comments?post=12768"}],"version-history":[{"count":7,"href":"http:\/\/ariapireneus.com\/index.php\/wp-json\/wp\/v2\/pages\/12768\/revisions"}],"predecessor-version":[{"id":12942,"href":"http:\/\/ariapireneus.com\/index.php\/wp-json\/wp\/v2\/pages\/12768\/revisions\/12942"}],"wp:attachment":[{"href":"http:\/\/ariapireneus.com\/index.php\/wp-json\/wp\/v2\/media?parent=12768"}],"curies":[{"name":"wp","href":"https:\/\/api.w.org\/{rel}","templated":true}]}}