{"id":12764,"date":"2020-06-25T18:07:12","date_gmt":"2020-06-25T16:07:12","guid":{"rendered":"http:\/\/ariapireneus.com\/?page_id=12764"},"modified":"2022-04-29T08:07:35","modified_gmt":"2022-04-29T06:07:35","slug":"concerts-catalan","status":"publish","type":"page","link":"http:\/\/ariapireneus.com\/index.php\/concerts-catalan\/","title":{"rendered":"Concerts"},"content":{"rendered":"<p>[vc_row css=\u00a0\u00bb.vc_custom_1521821004994{padding-top: 20px !important;padding-bottom: 60px !important;}\u00a0\u00bb][vc_column width=\u00a0\u00bb5\/6&Prime;][vc_column_text]<strong><img loading=\"lazy\" class=\"alignright wp-image-12932\" src=\"http:\/\/ariapireneus.com\/wp-content\/uploads\/2022\/04\/affiche-A4-2022-vectoweb-212x300.jpg\" alt=\"\" width=\"424\" height=\"600\" srcset=\"http:\/\/ariapireneus.com\/wp-content\/uploads\/2022\/04\/affiche-A4-2022-vectoweb-212x300.jpg 212w, http:\/\/ariapireneus.com\/wp-content\/uploads\/2022\/04\/affiche-A4-2022-vectoweb-724x1024.jpg 724w, http:\/\/ariapireneus.com\/wp-content\/uploads\/2022\/04\/affiche-A4-2022-vectoweb-768x1086.jpg 768w, http:\/\/ariapireneus.com\/wp-content\/uploads\/2022\/04\/affiche-A4-2022-vectoweb-1086x1536.jpg 1086w, http:\/\/ariapireneus.com\/wp-content\/uploads\/2022\/04\/affiche-A4-2022-vectoweb-1448x2048.jpg 1448w, http:\/\/ariapireneus.com\/wp-content\/uploads\/2022\/04\/affiche-A4-2022-vectoweb-scaled.jpg 1810w\" sizes=\"(max-width: 424px) 100vw, 424px\" \/><\/strong><\/p>\n<p><strong>El programa d&rsquo;una vintena de peces \u00e9s interpretat per Michel Fenasse-Amat acompanyat per un cor i un conjunt orquestral.<\/strong><\/p>\n<p>Des de la creaci\u00f3 p\u00fablica a l\u2019Ostal d\u2019Occit\u00e0nia de Tolosa (Casal d\u2019Occit\u00e0nia) a l\u2019octubre de 2015 i la difusi\u00f3 del disc <em>Aria Piren\u00e8us<\/em> (segell Agorila) el 2016, Michel Fenasse-Amat ha presentat la seva creaci\u00f3 musical pirinenca com a part de diversos programes : Festival de la Catedral de Narbona, Sc\u00e8ne de Foix, Festival D\u00e9odat de S\u00e9verac. La gira fou aclamada per la premsa a l\u2019agost de 2018 al Pa\u00eds Basc i finalitz\u00e0\u00a0 al pati del Castell de Pau.<\/p>\n<p>Aria Piren\u00e8us es program\u00e0 en l\u2019esdeveniment \u00ab\u00a02018 any d\u2019Occit\u00e0nia \u2013 Tolosa Occitana\u00a0\u00bb\u00a0i arran a Espanya el juny 2019, al Castell de Loarre (Osca), programaci\u00f3 de la Comarca d\u2019Arag\u00f3 . Al setembre de 2019, els Monuments de Fran\u00e7a la programaren\u00a0 al\u00a0 Pat\u00ed del Castell Comtal de la Cit\u00e9 de Carcassona.<\/p>\n<p>Resid\u00e8ncies art\u00edstiques a l&rsquo;Ospitalea d&rsquo;Irrissary (Castell Hospitalari, segle XVII &#8211; propietat del Departament dels Pirineus Atl\u00e0ntics), pla\u00e7a forta dels Camins de Santiago de Compostel\u00b7la al Pa\u00eds Basc d\u2019octubre de 2020 a maig de 2022<\/p>\n<p>Aquestes resid\u00e8ncies art\u00edstiques de l&rsquo;Ospitalea d&rsquo;Irissarry permeten continuar el desenvolupament de l&rsquo;obra en particular amb noves composicions i la trobada de corals i m\u00fasics del Pa\u00eds Basc i del departament.[\/vc_column_text][vc_empty_space][vc_zigzag][vc_empty_space][vc_column_text]<strong><img loading=\"lazy\" class=\"alignright wp-image-12710 size-full\" src=\"http:\/\/ariapireneus.com\/wp-content\/uploads\/2020\/06\/carcasonne.png\" alt=\"\" width=\"520\" height=\"467\" srcset=\"http:\/\/ariapireneus.com\/wp-content\/uploads\/2020\/06\/carcasonne.png 520w, http:\/\/ariapireneus.com\/wp-content\/uploads\/2020\/06\/carcasonne-300x269.png 300w\" sizes=\"(max-width: 520px) 100vw, 520px\" \/><\/strong><\/p>\n<p><strong><span style=\"color: #ff0000;\">Els Concerts<\/span><\/strong><\/p>\n<p><strong>Diumenge 20 de mar\u00e7 de 2022<\/strong><br \/>\nIrissarry, 16.30 h.<br \/>\nEsgl\u00e9sia de Sant Joan Baptista<\/p>\n<p><strong>Diumenge 29 d&rsquo;abril de 2022<\/strong><br \/>\nCambo-les-Bains, 20.30 h.<br \/>\nEsgl\u00e9sia de Sant Lloren\u00e7<br \/>\nFestival Musical et Litt\u00e9raire d\u2019Arnaga<\/p>\n<p><strong>Dilluns, 9 de maig de 2022<\/strong><br \/>\nBrussel\u00b7les &#8211; Dia d&rsquo;Europa, 20 h.<br \/>\nCatedral de Saint-Jacques-sur-Coudenberg<\/p>\n<p><strong>Dissabte 20 d&rsquo;agost de 2022<\/strong><br \/>\nIrissarry, 21.30 h.<br \/>\nPati de l&rsquo;Ospitalea<br \/>\n(Esgl\u00e9sia en cas de mal temps)<\/p>\n<p><strong>Diumenge 25 d&rsquo;agost de 2022<\/strong><br \/>\nArcangues, 21.15 h.<br \/>\nEsgl\u00e9sia de Sant Joan Baptista<br \/>\nLes Nuits d\u2019Arcangues \u2013 Programa l\u00edric d\u2019estiu al Pa\u00eds Basc[\/vc_column_text][vc_empty_space][vc_zigzag][\/vc_column][vc_column width=\u00a0\u00bb1\/6&Prime;][vc_single_image image=\u00a0\u00bb12350&Prime; img_size=\u00a0\u00bb48&#215;48&Prime; alignment=\u00a0\u00bbcenter\u00a0\u00bb onclick=\u00a0\u00bbcustom_link\u00a0\u00bb link=\u00a0\u00bbhttp:\/\/ariapireneus.com\/index.php\/concerts-catalan\/\u00a0\u00bb][vc_single_image image=\u00a0\u00bb12363&Prime; alignment=\u00a0\u00bbcenter\u00a0\u00bb onclick=\u00a0\u00bbcustom_link\u00a0\u00bb link=\u00a0\u00bbhttp:\/\/ariapireneus.com\/\u00a0\u00bb][vc_single_image image=\u00a0\u00bb12352&Prime; img_size=\u00a0\u00bb48&#215;48&Prime; alignment=\u00a0\u00bbcenter\u00a0\u00bb onclick=\u00a0\u00bbcustom_link\u00a0\u00bb link=\u00a0\u00bbhttp:\/\/ariapireneus.com\/index.php\/concerts-anglais\/\u00a0\u00bb][vc_single_image image=\u00a0\u00bb12353&Prime; img_size=\u00a0\u00bb48&#215;48&Prime; alignment=\u00a0\u00bbcenter\u00a0\u00bb onclick=\u00a0\u00bbcustom_link\u00a0\u00bb link=\u00a0\u00bbhttp:\/\/ariapireneus.com\/index.php\/concerts-occitan\/\u00a0\u00bb][vc_single_image image=\u00a0\u00bb12354&Prime; img_size=\u00a0\u00bb48&#215;48&Prime; alignment=\u00a0\u00bbcenter\u00a0\u00bb onclick=\u00a0\u00bbcustom_link\u00a0\u00bb link=\u00a0\u00bbhttp:\/\/ariapireneus.com\/index.php\/concerts-basque\/\u00a0\u00bb][vc_single_image image=\u00a0\u00bb12355&Prime; img_size=\u00a0\u00bb48&#215;48&Prime; alignment=\u00a0\u00bbcenter\u00a0\u00bb onclick=\u00a0\u00bbcustom_link\u00a0\u00bb link=\u00a0\u00bbhttp:\/\/ariapireneus.com\/index.php\/concerts-espagnol\/\u00a0\u00bb][\/vc_column][\/vc_row][vc_row css=\u00a0\u00bb.vc_custom_1522830505292{padding-bottom: 30px !important;}\u00a0\u00bb][vc_column width=\u00a0\u00bb1\/2&Prime;][vc_single_image image=\u00a0\u00bb12708&Prime; img_size=\u00a0\u00bbfull\u00a0\u00bb][\/vc_column][vc_column width=\u00a0\u00bb1\/2&Prime;][vc_single_image image=\u00a0\u00bb12707&Prime; img_size=\u00a0\u00bbfull\u00a0\u00bb][\/vc_column][\/vc_row][vc_row css=\u00a0\u00bb.vc_custom_1522830505292{padding-bottom: 30px !important;}\u00a0\u00bb][vc_column width=\u00a0\u00bb1\/2&Prime;][vc_single_image image=\u00a0\u00bb12784&Prime; img_size=\u00a0\u00bbfull\u00a0\u00bb][\/vc_column][vc_column width=\u00a0\u00bb1\/2&Prime;][vc_single_image image=\u00a0\u00bb12706&Prime; img_size=\u00a0\u00bbfull\u00a0\u00bb][\/vc_column][\/vc_row]<\/p>\n","protected":false},"excerpt":{"rendered":"<p>[vc_row css=\u00a0\u00bb.vc_custom_1521821004994{padding-top: 20px !important;padding-bottom: 60px !important;}\u00a0\u00bb][vc_column width=\u00a0\u00bb5\/6&Prime;][vc_column_text] El programa d&rsquo;una vintena de peces \u00e9s interpretat per Michel Fenasse-Amat acompanyat per un cor i un conjunt orquestral. Des de la creaci\u00f3 p\u00fablica a l\u2019Ostal d\u2019Occit\u00e0nia de Tolosa (Casal d\u2019Occit\u00e0nia) a l\u2019octubre de 2015 i la difusi\u00f3&#8230;<\/p>\n","protected":false},"author":1,"featured_media":0,"parent":0,"menu_order":0,"comment_status":"closed","ping_status":"closed","template":"","meta":[],"_links":{"self":[{"href":"http:\/\/ariapireneus.com\/index.php\/wp-json\/wp\/v2\/pages\/12764"}],"collection":[{"href":"http:\/\/ariapireneus.com\/index.php\/wp-json\/wp\/v2\/pages"}],"about":[{"href":"http:\/\/ariapireneus.com\/index.php\/wp-json\/wp\/v2\/types\/page"}],"author":[{"embeddable":true,"href":"http:\/\/ariapireneus.com\/index.php\/wp-json\/wp\/v2\/users\/1"}],"replies":[{"embeddable":true,"href":"http:\/\/ariapireneus.com\/index.php\/wp-json\/wp\/v2\/comments?post=12764"}],"version-history":[{"count":8,"href":"http:\/\/ariapireneus.com\/index.php\/wp-json\/wp\/v2\/pages\/12764\/revisions"}],"predecessor-version":[{"id":12937,"href":"http:\/\/ariapireneus.com\/index.php\/wp-json\/wp\/v2\/pages\/12764\/revisions\/12937"}],"wp:attachment":[{"href":"http:\/\/ariapireneus.com\/index.php\/wp-json\/wp\/v2\/media?parent=12764"}],"curies":[{"name":"wp","href":"https:\/\/api.w.org\/{rel}","templated":true}]}}