{"id":12755,"date":"2020-06-25T17:11:01","date_gmt":"2020-06-25T15:11:01","guid":{"rendered":"http:\/\/ariapireneus.com\/?page_id=12755"},"modified":"2022-04-04T15:15:29","modified_gmt":"2022-04-04T13:15:29","slug":"direction-artistique-occitan","status":"publish","type":"page","link":"http:\/\/ariapireneus.com\/index.php\/direction-artistique-occitan\/","title":{"rendered":"\u00c9quipe artistique Occitan"},"content":{"rendered":"<p>[vc_row css=\u00a0\u00bb.vc_custom_1522057118294{padding-top: 20px !important;padding-bottom: 30px !important;}\u00a0\u00bb][vc_column width=\u00a0\u00bb1\/2&Prime;][vc_single_image image=\u00a0\u00bb12426&Prime; img_size=\u00a0\u00bbfull\u00a0\u00bb][\/vc_column][vc_column width=\u00a0\u00bb1\/2&Prime;][vc_row_inner][vc_column_inner width=\u00a0\u00bb2\/3&Prime;]<div class=\"edgtf-title-section-holder\">\n\t\t\t<h3 class=\"edgtf-title-with-dots\" >\n\t\t\tMichel Fenasse-Amat, autor-compositor-interpr\u00e8ta\t\t<\/h3>\n\t\t<span class=\"edge-title-separator edge-enable-separator\" ><\/span>\n\n\t<\/div>[vc_column_text]Nascut a Tolosa en 1969, Michel Fenasse-Amat estudi\u00e8t lo pian\u00f2 e lo cant dins sa vila natala.<\/p>\n<p>Barit\u00f2n, diplomat del Conservat\u00f2ri Regional de Musica de Bord\u00e8u, 3\u00b0 medalha europ\u00e8a de cant liric decernit per la mezzo-soprano Viorica Cortez (president de la jurada), se perfeccion\u00e8t pu\u00e8i a la Fondacion Francisco Vi\u0148as-Grand Teatre del Liceu de Barcelona. En 2000 se ganh\u00e8t lo 3\u00b0 grand pr\u00e8mi de com\u00e8dia musicala \u00ab San Remo International Musical \u00bb difusat sus Tele Monte-Carlo.[\/vc_column_text][\/vc_column_inner][vc_column_inner width=\u00a0\u00bb1\/3&Prime;][vc_single_image image=\u00a0\u00bb12350&Prime; img_size=\u00a0\u00bb48&#215;48&Prime; alignment=\u00a0\u00bbcenter\u00a0\u00bb onclick=\u00a0\u00bbcustom_link\u00a0\u00bb link=\u00a0\u00bbhttp:\/\/ariapireneus.com\/index.php\/direction-artistique-catalan\/\u00a0\u00bb][vc_single_image image=\u00a0\u00bb12363&Prime; alignment=\u00a0\u00bbcenter\u00a0\u00bb onclick=\u00a0\u00bbcustom_link\u00a0\u00bb link=\u00a0\u00bbhttp:\/\/ariapireneus.com\/\u00a0\u00bb][vc_single_image image=\u00a0\u00bb12352&Prime; img_size=\u00a0\u00bb48&#215;48&Prime; alignment=\u00a0\u00bbcenter\u00a0\u00bb onclick=\u00a0\u00bbcustom_link\u00a0\u00bb link=\u00a0\u00bbhttp:\/\/ariapireneus.com\/index.php\/direction-artistique-anglais\/\u00a0\u00bb][vc_single_image image=\u00a0\u00bb12353&Prime; img_size=\u00a0\u00bb48&#215;48&Prime; alignment=\u00a0\u00bbcenter\u00a0\u00bb onclick=\u00a0\u00bbcustom_link\u00a0\u00bb link=\u00a0\u00bbhttp:\/\/ariapireneus.com\/index.php\/direction-artistique-occitan\/\u00a0\u00bb][vc_single_image image=\u00a0\u00bb12354&Prime; img_size=\u00a0\u00bb48&#215;48&Prime; alignment=\u00a0\u00bbcenter\u00a0\u00bb onclick=\u00a0\u00bbcustom_link\u00a0\u00bb link=\u00a0\u00bbhttp:\/\/ariapireneus.com\/index.php\/direction-artistique-basque\/\u00a0\u00bb][vc_single_image image=\u00a0\u00bb12355&Prime; img_size=\u00a0\u00bb48&#215;48&Prime; alignment=\u00a0\u00bbcenter\u00a0\u00bb onclick=\u00a0\u00bbcustom_link\u00a0\u00bb link=\u00a0\u00bbhttp:\/\/ariapireneus.com\/index.php\/direction-artistique-espagnol\/\u00a0\u00bb][\/vc_column_inner][\/vc_row_inner][\/vc_column][\/vc_row][vc_row][vc_column][vc_column_text]Dem\u00e8st los\u00a0 sitis requistes de la musica e de l\u2019art liric que l\u2019an acuelhit : Teatro Alfieri de Turin, Auditorium del Grand Teatre del Liceu de Barcelona, festenal Las Nu\u00e8its musicalas de Nissa, Oper\u00e0 de Montpelhi\u00e8r, Halle aux Grains de Tolosa, Ciutat de la Musica d\u2019Estrasborg &#8230; Interpret\u00e8t tanplan las N\u00f2\u00e7as de Figaro coma las can\u00e7ons de Poulenc, Ravel o Garc\u00eda Lorca &#8230; Michel Fenasse-Amat es lo fondador e lo director artistic de la Companhia Alma Cantoa (ligada u\u00e8i al Centre d\u2019Art Vocal Tolosa Occit\u00e0nia) e tanben del Festenal Musical e Literari d\u2019Arnaga (ostal-mus\u00e8u d\u2019Edmond Rostand a Cambo-les-bains, Pa\u00eds basc)[\/vc_column_text][vc_empty_space][vc_zigzag][vc_empty_space][\/vc_column][\/vc_row][vc_row css=\u00a0\u00bb.vc_custom_1522057118294{padding-top: 20px !important;padding-bottom: 30px !important;}\u00a0\u00bb][vc_column width=\u00a0\u00bb1\/4&Prime;][vc_single_image image=\u00a0\u00bb12435&Prime; img_size=\u00a0\u00bbfull\u00a0\u00bb][\/vc_column][vc_column width=\u00a0\u00bb3\/4&Prime;][vc_row_inner][vc_column_inner]<div class=\"edgtf-title-section-holder\">\n\t\t\t<h3 class=\"edgtf-title-with-dots\" >\n\t\t\tPierre Csillag, adobaduras e direccion musicala\t\t<\/h3>\n\t\t<span class=\"edge-title-separator edge-enable-separator\" ><\/span>\n\n\t<\/div>[vc_column_text]Nascut a Budapest, Pierre Csillag fagu\u00e8t sos estudis de pian\u00f2, composicion e direccion d\u2019orquestra al Conservat\u00f2ri B\u00e9la Bartok de Budapest pu\u00e8i al Conservat\u00f2ri Nacional Superior de Par\u00eds. A costat de la musica, men\u00e8t d\u2019estudis d\u2019engenhaire pu\u00e8i de doctor-engenhaire a l\u2019ENSEEIHT de Tolosa davant de far ensenhaire-cercaire dins tres grandas esc\u00f2las de Tolosa fins a la retirada.<\/p>\n<p>Del temps de sa carri\u00e8ra de professor e cercaire, Pierre Csillag men\u00e8t de c\u00f2tria una activitat musicala de naut niv\u00e8l. Fogu\u00e8t notadament\u00a0: director musical de l\u2019Orquestra de l\u2019Universitat de Tolosa (22 ans), pianista a l\u2019Orquestra Nacional del Capit\u00f2li per un quarantenat de conc\u00e8rts, pianista acompanhaire en Fran\u00e7a e Ongria.<\/p>\n<p>Compositor, escrigu\u00e8t diferentas p\u00e8\u00e7as per cant, c\u00f2r, orquestra de c\u00f2rdas, formacions de cambra &#8230; D\u2019unas de sas p\u00e8\u00e7as son editadas en Ongria e als Estats-Units. A escrich las adobaduras e las orquestracions de l\u2019oper\u00e0 <em>Orfeo<\/em> (creacion concebuda per Michel Fenasse-Amat sus de musicas de Vivaldi e autres compositors del s\u00e8gle XVIII).[\/vc_column_text][\/vc_column_inner][\/vc_row_inner][\/vc_column][\/vc_row][vc_row css=\u00a0\u00bb.vc_custom_1522058260161{padding-bottom: 60px !important;}\u00a0\u00bb][vc_column][vc_empty_space][vc_zigzag][vc_empty_space][vc_row_inner][vc_column_inner width=\u00a0\u00bb1\/2&Prime;][vc_single_image image=\u00a0\u00bb12700&Prime; img_size=\u00a0\u00bbfull\u00a0\u00bb][vc_empty_space]<div class=\"edgtf-title-section-holder\">\n\t\t\t<h3 class=\"edgtf-title-with-dots\" >\n\t\t\tC\u00f2r Lagunak Abesbatza\t\t<\/h3>\n\t\t<span class=\"edge-title-separator edge-enable-separator\" ><\/span>\n\n\t<\/div>[vc_column_text]Federacion e formacion de coristas del Pa\u00eds basc e Bearn per animar Aria Piren\u00e8us. Lagunak Abesbatza fogu\u00e8t creat al temps de la virada <em>Aria Piren\u00e8us<\/em> al Pa\u00eds Basc e al cast\u00e8l de Pau al mes d\u2019agost de 2018. Un c\u00f2p participat (amb de c\u00f2rs d\u2019Espanha e de la Region Occit\u00e0nia) als conc\u00e8rts del Cast\u00e8l de Loarre (Aragon), pu\u00e8i al Cast\u00e8l Comtal de Carcassona, Lagunak Abesbatza es a l\u2019ora d\u2019ara lo c\u00f2r dels conc\u00e8rts e de las resid\u00e9ncias artisticas <em>Aria Piren\u00e8us<\/em> basat dins la prov\u00edncia basca de la Navarra Bassa (Irissarry e Saint-Jean Pied-de-Port).[\/vc_column_text][\/vc_column_inner][vc_column_inner width=\u00a0\u00bb1\/2&Prime;][vc_single_image image=\u00a0\u00bb12872&Prime; img_size=\u00a0\u00bbfull\u00a0\u00bb][vc_empty_space]<div class=\"edgtf-title-section-holder\">\n\t\t\t<h3 class=\"edgtf-title-with-dots\" >\n\t\t\tRamuntxo Luberriaga, ten\u00f2r solista\t\t<\/h3>\n\t\t<span class=\"edge-title-separator edge-enable-separator\" ><\/span>\n\n\t<\/div>[vc_column_text]Originari d\u2019Ascain (Pa\u00eds basc) ont dem\u00f2ra e mena son activitat d\u2019artesan plombi\u00e8r, Ramuntxo Luberriaga ten una votz naturala de ten\u00f2r.<\/p>\n<p>La plan jove, animat per la passion del cant (a costat del rugbi), practica lo cant coral primi\u00e8r a la corala Larrun Kanta d\u2019Ascain.<\/p>\n<p>Dempu\u00e8i 2018, fa solista dins los conc\u00e8rts Aria Piren\u00e8us.[\/vc_column_text][\/vc_column_inner][\/vc_row_inner][vc_row_inner][vc_column_inner][vc_empty_space][vc_zigzag][vc_empty_space][\/vc_column_inner][\/vc_row_inner][vc_row_inner][vc_column_inner width=\u00a0\u00bb1\/2&Prime;][vc_single_image image=\u00a0\u00bb12874&Prime; img_size=\u00a0\u00bbfull\u00a0\u00bb][vc_empty_space]<div class=\"edgtf-title-section-holder\">\n\t\t\t<h3 class=\"edgtf-title-with-dots\" >\n\t\t\tXabi Cuende, direccion dels c\u00f2rs e co-direccion musicala\t\t<\/h3>\n\t\t<span class=\"edge-title-separator edge-enable-separator\" ><\/span>\n\n\t<\/div>[vc_column_text]Nascut a Baiona, Fran\u00e7ois-Xavier \u00ab\u00a0Xabi\u00a0\u00bb Cuende trabalha primi\u00e8r dins lo dom\u00e8ni de la gestion de l\u2019aiga e dels mitans aigassi\u00e8rs. S\u2019es atissat a valorar lo patrim\u00f2ni e la cultura (Societat d\u2019Estudis Bascs, Societat de las Sci\u00e9ncias, Letras e Arts de Baiona, Festenal d\u2019Arnaga e de l\u2019esp\u00f2rt (Aviron Bayonnais).<\/p>\n<p>Format a la musica al dintre de l\u2018Estudiantina Donibandarrak de Saint-Jean-de-Luz, pu\u00e8i dins l\u2019ens\u00e8ms vocal del Conservat\u00f2ri de Baiona\u00a0: aqui se ganha una experi\u00e9ncia eclectica del gregorian al contemporan\u00e8u e tanben una formacion de direccion de c\u00f2r. En 2018 fa la virada d\u2019Aria Piren\u00e8us, al Pa\u00eds Basc e Bearn, amb la mission de director musical dels conc\u00e8rts fisada per Michel Fenasse-Amat.[\/vc_column_text][\/vc_column_inner][vc_column_inner width=\u00a0\u00bb1\/2&Prime;][vc_single_image image=\u00a0\u00bb12862&Prime; img_size=\u00a0\u00bbfull\u00a0\u00bb][vc_empty_space]<div class=\"edgtf-title-section-holder\">\n\t\t\t<h3 class=\"edgtf-title-with-dots\" >\n\t\t\tENSEMBLE ORQUESTRAL AL PA\u0130S BASC\t\t<\/h3>\n\t\t<span class=\"edge-title-separator edge-enable-separator\" ><\/span>\n\n\t<\/div>[vc_column_text]Michel Fenasse-Amat, piano<\/p>\n<p>Laura Bide, accordeon<\/p>\n<p>Ekain Cachenaut, txistu<\/p>\n<p>The Estudiantina de Ciboure &#8211; Mandolins, mandolas and guitars[\/vc_column_text][\/vc_column_inner][\/vc_row_inner][vc_row_inner][vc_column_inner][vc_empty_space][vc_zigzag][vc_empty_space][\/vc_column_inner][\/vc_row_inner][vc_row_inner][vc_column_inner width=\u00a0\u00bb1\/2&Prime;][vc_single_image image=\u00a0\u00bb12698&Prime; img_size=\u00a0\u00bbfull\u00a0\u00bb][vc_empty_space]<div class=\"edgtf-title-section-holder\">\n\t\t\t<h3 class=\"edgtf-title-with-dots\" >\n\t\t\tLo C\u00f2r de l\u2019album\t\t<\/h3>\n\t\t<span class=\"edge-title-separator edge-enable-separator\" ><\/span>\n\n\t<\/div>[vc_column_text]C\u00f2r d\u2019Alma Cantoa (coristas de la Region Occit\u00e0nia e d\u2019Espanha)<br \/>\nEnsemble vocal Le Diapason Villefranchois\u00a0(Vilafranca-de-Lauragu\u00e8s)[\/vc_column_text][\/vc_column_inner][vc_column_inner width=\u00a0\u00bb1\/2&Prime;][vc_single_image image=\u00a0\u00bb12702&Prime; img_size=\u00a0\u00bbfull\u00a0\u00bb]<div class=\"edgtf-title-section-holder\">\n\t\t\t<h3 class=\"edgtf-title-with-dots\" >\n\t\t\tEns\u00e8ms de plectres (bandurrias, mandolinas, mand\u00f2las e guitarras)\t\t<\/h3>\n\t\t<span class=\"edge-title-separator edge-enable-separator\" ><\/span>\n\n\t<\/div>[vc_column_text]Dempu\u00e8i l\u2019enregistrament de l\u2019album, 3 ens\u00e8ms de plectres an integrat l\u2019ensemble orquestral\u00a0: c\u00f2las de l\u2019Estudiantina de Sant-Giron\u00e7 (Ari\u00e8ja), de l\u2019Estudiantina d\u2019Anglet (Pa\u00eds Basc) e l\u2019ensemble RondArte de Saragossa (Aragon, Espanha).[\/vc_column_text][\/vc_column_inner][\/vc_row_inner][vc_row_inner][vc_column_inner][vc_empty_space][vc_zigzag][vc_empty_space][\/vc_column_inner][\/vc_row_inner][vc_row_inner][vc_column_inner width=\u00a0\u00bb1\/2&Prime;][vc_single_image image=\u00a0\u00bb12876&Prime; img_size=\u00a0\u00bbfull\u00a0\u00bb][vc_empty_space]<div class=\"edgtf-title-section-holder\">\n\t\t\t<h3 class=\"edgtf-title-with-dots\" >\n\t\t\tCANTADISSES DELS CONC\u00c8RTS EN OCCIT\u00c0NIA\t\t<\/h3>\n\t\t<span class=\"edge-title-separator edge-enable-separator\" ><\/span>\n\n\t<\/div>[vc_column_text]C\u00f2r d\u2019\u00f2mes Asphod\u00e8le\u00a0(Soual, Tarn)<br \/>\nEnsemble vocal Le Diapason Villefranchois (Vilafranca-de-Lauragu\u00e8s)<br \/>\nC\u00f2r Ultreia (Lesinhan-de-las-Corbieras)<br \/>\nLes Ch\u0153urs de Carcassonne[\/vc_column_text][\/vc_column_inner][vc_column_inner width=\u00a0\u00bb1\/2&Prime;][vc_single_image image=\u00a0\u00bb12736&Prime; img_size=\u00a0\u00bbfull\u00a0\u00bb][vc_empty_space]<div class=\"edgtf-title-section-holder\">\n\t\t\t<h3 class=\"edgtf-title-with-dots\" >\n\t\t\tENSEMBLE ORQUESTRAL DELS CONC\u00c8RTS EN OCCIT\u00c0NIA\t\t<\/h3>\n\t\t<span class=\"edge-title-separator edge-enable-separator\" ><\/span>\n\n\t<\/div>[vc_column_text]<\/p>\n<div class=\"edgtf-title-section-holder\"><\/div>\n<div class=\"wpb_text_column wpb_content_element \">\n<div class=\"wpb_wrapper\">\n<p>V\u00e9ronique Bracco, piano<\/p>\n<p>S\u00e9bastien Lopez, violon<\/p>\n<p>Nathalie Ouradou, violoncelle<\/p>\n<p>Pascal Lawrynowicz, percussions<\/p>\n<p>Eric Rutschle, cor<\/p>\n<\/div>\n<\/div>\n<p>[\/vc_column_text][\/vc_column_inner][\/vc_row_inner][\/vc_column][\/vc_row]<\/p>\n","protected":false},"excerpt":{"rendered":"<p>[vc_row css=\u00a0\u00bb.vc_custom_1522057118294{padding-top: 20px !important;padding-bottom: 30px !important;}\u00a0\u00bb][vc_column width=\u00a0\u00bb1\/2&Prime;][vc_single_image image=\u00a0\u00bb12426&Prime; img_size=\u00a0\u00bbfull\u00a0\u00bb][\/vc_column][vc_column width=\u00a0\u00bb1\/2&Prime;][vc_row_inner][vc_column_inner width=\u00a0\u00bb2\/3&Prime;][vc_column_text]Nascut a Tolosa en 1969, Michel Fenasse-Amat estudi\u00e8t lo pian\u00f2 e lo cant dins sa vila natala. Barit\u00f2n, diplomat del Conservat\u00f2ri Regional de Musica de Bord\u00e8u, 3\u00b0 medalha europ\u00e8a de cant liric decernit per la&#8230;<\/p>\n","protected":false},"author":1,"featured_media":0,"parent":0,"menu_order":0,"comment_status":"closed","ping_status":"closed","template":"","meta":[],"_links":{"self":[{"href":"http:\/\/ariapireneus.com\/index.php\/wp-json\/wp\/v2\/pages\/12755"}],"collection":[{"href":"http:\/\/ariapireneus.com\/index.php\/wp-json\/wp\/v2\/pages"}],"about":[{"href":"http:\/\/ariapireneus.com\/index.php\/wp-json\/wp\/v2\/types\/page"}],"author":[{"embeddable":true,"href":"http:\/\/ariapireneus.com\/index.php\/wp-json\/wp\/v2\/users\/1"}],"replies":[{"embeddable":true,"href":"http:\/\/ariapireneus.com\/index.php\/wp-json\/wp\/v2\/comments?post=12755"}],"version-history":[{"count":8,"href":"http:\/\/ariapireneus.com\/index.php\/wp-json\/wp\/v2\/pages\/12755\/revisions"}],"predecessor-version":[{"id":12923,"href":"http:\/\/ariapireneus.com\/index.php\/wp-json\/wp\/v2\/pages\/12755\/revisions\/12923"}],"wp:attachment":[{"href":"http:\/\/ariapireneus.com\/index.php\/wp-json\/wp\/v2\/media?parent=12755"}],"curies":[{"name":"wp","href":"https:\/\/api.w.org\/{rel}","templated":true}]}}