{"id":12751,"date":"2020-06-25T17:03:50","date_gmt":"2020-06-25T15:03:50","guid":{"rendered":"http:\/\/ariapireneus.com\/?page_id=12751"},"modified":"2022-04-04T15:05:36","modified_gmt":"2022-04-04T13:05:36","slug":"direction-artistique-catalan","status":"publish","type":"page","link":"http:\/\/ariapireneus.com\/index.php\/direction-artistique-catalan\/","title":{"rendered":"\u00c9quipe artistique Catalan"},"content":{"rendered":"<p>[vc_row css=\u00a0\u00bb.vc_custom_1522057118294{padding-top: 20px !important;padding-bottom: 30px !important;}\u00a0\u00bb][vc_column width=\u00a0\u00bb1\/2&Prime;][vc_single_image image=\u00a0\u00bb12426&Prime; img_size=\u00a0\u00bbfull\u00a0\u00bb][\/vc_column][vc_column width=\u00a0\u00bb1\/2&Prime;][vc_row_inner][vc_column_inner width=\u00a0\u00bb2\/3&Prime;]<div class=\"edgtf-title-section-holder\">\n\t\t\t<h3 class=\"edgtf-title-with-dots\" >\n\t\t\tMichel Fenasse-Amat, autor-compositor-int\u00e8rpret\t\t<\/h3>\n\t\t<span class=\"edge-title-separator edge-enable-separator\" ><\/span>\n\n\t<\/div>[vc_column_text]Nascut a Tolosa el 1969, va estudiar piano i cant a la seva ciutat natal.<\/p>\n<p>Bar\u00edton, graduat del Conservatori Regional de Musica de Bordeus, , guardonat amb la 3\u00aa medalla europea de cant l\u00edric (jurat presidit per la mezzo-soprano Viorica Cortez), es perfeccion\u00e0 despr\u00e9s a la Fundaci\u00f3 Francisco Vi\u00f1as \u2013 Gran Teatre del Liceu de Barcelona.\u00a0El 2000 va guanyar el tercer gran premi de com\u00e8dia musical \u00ab\u00a0San Remo International Musical\u00a0\u00bb em\u00e8s a T\u00e9l\u00e9 Monte-Carlo.[\/vc_column_text][\/vc_column_inner][vc_column_inner width=\u00a0\u00bb1\/3&Prime;][vc_single_image image=\u00a0\u00bb12350&Prime; img_size=\u00a0\u00bb48&#215;48&Prime; alignment=\u00a0\u00bbcenter\u00a0\u00bb onclick=\u00a0\u00bbcustom_link\u00a0\u00bb link=\u00a0\u00bbhttp:\/\/ariapireneus.com\/index.php\/direction-artistique-catalan\/\u00a0\u00bb][vc_single_image image=\u00a0\u00bb12363&Prime; alignment=\u00a0\u00bbcenter\u00a0\u00bb onclick=\u00a0\u00bbcustom_link\u00a0\u00bb link=\u00a0\u00bbhttp:\/\/ariapireneus.com\/\u00a0\u00bb][vc_single_image image=\u00a0\u00bb12352&Prime; img_size=\u00a0\u00bb48&#215;48&Prime; alignment=\u00a0\u00bbcenter\u00a0\u00bb onclick=\u00a0\u00bbcustom_link\u00a0\u00bb link=\u00a0\u00bbhttp:\/\/ariapireneus.com\/index.php\/direction-artistique-anglais\/\u00a0\u00bb][vc_single_image image=\u00a0\u00bb12353&Prime; img_size=\u00a0\u00bb48&#215;48&Prime; alignment=\u00a0\u00bbcenter\u00a0\u00bb onclick=\u00a0\u00bbcustom_link\u00a0\u00bb link=\u00a0\u00bbhttp:\/\/ariapireneus.com\/index.php\/direction-artistique-occitan\/\u00a0\u00bb][vc_single_image image=\u00a0\u00bb12354&Prime; img_size=\u00a0\u00bb48&#215;48&Prime; alignment=\u00a0\u00bbcenter\u00a0\u00bb onclick=\u00a0\u00bbcustom_link\u00a0\u00bb link=\u00a0\u00bbhttp:\/\/ariapireneus.com\/index.php\/direction-artistique-basque\/\u00a0\u00bb][vc_single_image image=\u00a0\u00bb12355&Prime; img_size=\u00a0\u00bb48&#215;48&Prime; alignment=\u00a0\u00bbcenter\u00a0\u00bb onclick=\u00a0\u00bbcustom_link\u00a0\u00bb link=\u00a0\u00bbhttp:\/\/ariapireneus.com\/index.php\/direction-artistique-espagnol\/\u00a0\u00bb][\/vc_column_inner][\/vc_row_inner][\/vc_column][\/vc_row][vc_row][vc_column][vc_column_text]Alguns dels llocs m\u00e9s importants de la m\u00fasica i l\u2019\u00f2pera l\u2019han acollit : Teatro Alfieri de Tor\u00ed, Auditori del Conservatori del Gran Teatre del Liceu de Barcelona, \u200b\u200bfestival\u00a0Les Nuits Musicales de Ni\u00e7a, Opera de Montpeller, Halle aux Grains de Tolosa, Cit\u00e9 de la M\u00fasica i de la dansa de Estrasburg \u2026 Aquestes interpretacions van des de F\u00edgaro de\u00a0<em>Les Noces de F\u00edgaro<\/em> fins a les can\u00e7ons de Poulenc, Ravel o Garc\u00eda Lorca \u2026 \u00c9s el fundador i director art\u00edstic de la Companyia Alma Cantoa (ara associada amb el Centre d\u2019Art Vocal Toulouse Occitanie) i del Festival Musical i Literari d\u2019Arnaga (ciutat-museu d\u2019Edmond Rostand a Cambo-Les-Bains, Pa\u00eds\u00a0 Basc).[\/vc_column_text][vc_empty_space][vc_zigzag][vc_empty_space][\/vc_column][\/vc_row][vc_row css=\u00a0\u00bb.vc_custom_1522057118294{padding-top: 20px !important;padding-bottom: 30px !important;}\u00a0\u00bb][vc_column width=\u00a0\u00bb1\/4&Prime;][vc_single_image image=\u00a0\u00bb12435&Prime; img_size=\u00a0\u00bbfull\u00a0\u00bb][\/vc_column][vc_column width=\u00a0\u00bb3\/4&Prime;][vc_row_inner][vc_column_inner]<div class=\"edgtf-title-section-holder\">\n\t\t\t<h3 class=\"edgtf-title-with-dots\" >\n\t\t\tPierre Csillag, arranjaments i direcci\u00f3 musical\t\t<\/h3>\n\t\t<span class=\"edge-title-separator edge-enable-separator\" ><\/span>\n\n\t<\/div>[vc_column_text]Nascut a Budapest, va estudiar piano, composici\u00f3 i direcci\u00f3 d\u2019orquestra al Conservatori B\u00e9la Bart\u00f3k de Budapest i m\u00e9s enll\u00e0 al Conservatori Nacional Superior de Par\u00eds. A m\u00e9s de la m\u00fasica, va estudiar enginyeria i despr\u00e9s per doctor-enginyer a l\u2019ENSEEIHT de Tolosa . En acabat va treballar com a professor-investigador en tres grans escoles de Tolosa fins a la seva jubilaci\u00f3.<\/p>\n<p>Al llarg de la seva carrera com a professor i investigador Pierre Csillag ha dut a terme una activitat musical d\u2019alt nivell. Va ser : director musical de l&rsquo;Orquestra de la Universitat de Tolosa durant 22 anys, pianista a l&rsquo;Orquestra Nacional del Capitole per quaranta concerts, pianista acompanyant a Fran\u00e7a i Hongria. Compositor, ha escrit obres per cant, cor, orquestra de cordes, formacions de cambra. Diverses obres seves s\u2019han editat a Hongria i Estats Units.<\/p>\n<p>Tamb\u00e9 ha escrit els arranjaments i les orquestracions de l&rsquo;\u00f2pera <em>Orfe\u00f3<\/em> (creada per Michel Fenasse-Amat sobre una m\u00fasica de Vivaldi i diferents compositors del segle XVIII)[\/vc_column_text][\/vc_column_inner][\/vc_row_inner][\/vc_column][\/vc_row][vc_row css=\u00a0\u00bb.vc_custom_1522058260161{padding-bottom: 60px !important;}\u00a0\u00bb][vc_column][vc_empty_space][vc_zigzag][vc_empty_space][vc_row_inner][vc_column_inner width=\u00a0\u00bb1\/2&Prime;][vc_single_image image=\u00a0\u00bb12700&Prime; img_size=\u00a0\u00bbfull\u00a0\u00bb][vc_empty_space]<div class=\"edgtf-title-section-holder\">\n\t\t\t<h3 class=\"edgtf-title-with-dots\" >\n\t\t\tCor Lagunak Abesbatza\t\t<\/h3>\n\t\t<span class=\"edge-title-separator edge-enable-separator\" ><\/span>\n\n\t<\/div>[vc_column_text]Federaci\u00f3 i formaci\u00f3 de coristes del Pa\u00eds Basc i B\u00e9arn per ajudar a donar vida a l\u2019obra <em>Aria Piren\u00e8us<\/em>. Lagunak Abesbatza va n\u00e9ixer per a la gira d\u2019<em>Aria Piren\u00e8us <\/em>al Pa\u00eds Basc i al Ch\u00e2teau de Pau l\u2019agost de 2018. Despr\u00e9s d\u2019haver participat (amb cors d\u2019Espanya i de la regi\u00f3 d\u2019Occit\u00e0nia) en concerts al Castillo de Loarre (Arag\u00f3, Espanya) i posteriorment al Ch\u00e2teau Comtal de la Cit\u00e9 de Carcassonne, Lagunak Abesbatza \u00e9s actualment el cor dels concerts i resid\u00e8ncies art\u00edstiques Aria Piren\u00e8us amb seu a la prov\u00edncia basca de Baixa Navarra (Irissarry i Saint-Jean-Pied-de-Port).[\/vc_column_text][\/vc_column_inner][vc_column_inner width=\u00a0\u00bb1\/2&Prime;][vc_single_image image=\u00a0\u00bb12872&Prime; img_size=\u00a0\u00bbfull\u00a0\u00bb][vc_empty_space]<div class=\"edgtf-title-section-holder\">\n\t\t\t<h3 class=\"edgtf-title-with-dots\" >\n\t\t\tRamuntxo Luberriaga, tenor solista\t\t<\/h3>\n\t\t<span class=\"edge-title-separator edge-enable-separator\" ><\/span>\n\n\t<\/div>[vc_column_text]Natural del Pa\u00eds Basc, on viu i treballa de lampista, Ramuntxo Luberriaga t\u00e9 una veu natural de tenor.<\/p>\n<p>Molt jove, animat per la passi\u00f3 pel cant (compartit amb la del rugbi), va exercir el cant coral en particular dins el cor Larrun Kanta d\u2019Ascain.<\/p>\n<p>Des del 2018 \u00e9s solista als concerts d\u2019<em>Aria Piren\u00e8us<\/em>.[\/vc_column_text][\/vc_column_inner][\/vc_row_inner][vc_row_inner][vc_column_inner][vc_empty_space][vc_zigzag][vc_empty_space][\/vc_column_inner][\/vc_row_inner][vc_row_inner][vc_column_inner width=\u00a0\u00bb1\/2&Prime;][vc_single_image image=\u00a0\u00bb12874&Prime; img_size=\u00a0\u00bbfull\u00a0\u00bb][vc_empty_space]<div class=\"edgtf-title-section-holder\">\n\t\t\t<h3 class=\"edgtf-title-with-dots\" >\n\t\t\tXabi Cuende, direcci\u00f3 coral i codirecci\u00f3 musical\t\t<\/h3>\n\t\t<span class=\"edge-title-separator edge-enable-separator\" ><\/span>\n\n\t<\/div>[vc_column_text]Nascut a Baiona, Fran\u00e7ois-Xavier \u00ab\u00a0Xabi\u00a0\u00bb Cuende treballa principalment en el camp de la gesti\u00f3 de l&rsquo;aigua i el medi aqu\u00e0tic. Participa en la promoci\u00f3 del patrimoni i de la cultura (Societat d&rsquo;Estudis Bascos; Societat de Ci\u00e8ncies, Lletres i Arts de Baiona; Festival d\u2019Arnaga) i de l&rsquo;esport (Aviron Bayonnais).<\/p>\n<p>Es va formar en m\u00fasica a l&rsquo;Estudiantina Donibandarrak de Saint-Jean-de-Luz, m\u00e9s tard al conjunt vocal del Conservatoire de Bayonne on va adquirir una experi\u00e8ncia ecl\u00e8ctica des del gregori\u00e0 fins al contemporani, i tamb\u00e9 formant-se com a director coral.<\/p>\n<p>Va participar el 2018 a la gira d\u2019<em>Aria Piren\u00e8us<\/em>, al Pa\u00eds Basc i a B\u00e9arn, aix\u00ed que Michel Fenasse-Amat li va encomanar la direcci\u00f3 musical dels concerts.[\/vc_column_text][\/vc_column_inner][vc_column_inner width=\u00a0\u00bb1\/2&Prime;][vc_single_image image=\u00a0\u00bb12862&Prime; img_size=\u00a0\u00bbfull\u00a0\u00bb][vc_empty_space]<div class=\"edgtf-title-section-holder\">\n\t\t\t<h3 class=\"edgtf-title-with-dots\" >\n\t\t\tCONJUNT ORQUESTRAL AL PA\u00cdS BASC\t\t<\/h3>\n\t\t<span class=\"edge-title-separator edge-enable-separator\" ><\/span>\n\n\t<\/div>[vc_column_text]Michel Fenasse-Amat, piano<br \/>\nLaura Bide, acordi\u00f3<br \/>\nEkain Cachenaut, txistu<br \/>\nMandolines, mandoles i guitarres de l&rsquo;Estudiantina de Ciboure[\/vc_column_text][\/vc_column_inner][\/vc_row_inner][vc_row_inner][vc_column_inner][vc_empty_space][vc_zigzag][vc_empty_space][\/vc_column_inner][\/vc_row_inner][vc_row_inner][vc_column_inner width=\u00a0\u00bb1\/2&Prime;][vc_single_image image=\u00a0\u00bb12698&Prime; img_size=\u00a0\u00bbfull\u00a0\u00bb][vc_empty_space]<div class=\"edgtf-title-section-holder\">\n\t\t\t<h3 class=\"edgtf-title-with-dots\" >\n\t\t\tEl Cor de l\u2019\u00e0lbum\t\t<\/h3>\n\t\t<span class=\"edge-title-separator edge-enable-separator\" ><\/span>\n\n\t<\/div>[vc_column_text]Cor d\u2019Alma Cantoa (coristes de comarques occitanes i d\u2019Espanya)<br \/>\nConjunt vocal Le Diapason Villefranchois (Villefranche-de-Lauragais)[\/vc_column_text][\/vc_column_inner][vc_column_inner width=\u00a0\u00bb1\/2&Prime;][vc_single_image image=\u00a0\u00bb12702&Prime; img_size=\u00a0\u00bbfull\u00a0\u00bb]<div class=\"edgtf-title-section-holder\">\n\t\t\t<h3 class=\"edgtf-title-with-dots\" >\n\t\t\tConjunt de Plectres (band\u00farries, mandolines, mandoles i guitarres)\t\t<\/h3>\n\t\t<span class=\"edge-title-separator edge-enable-separator\" ><\/span>\n\n\t<\/div>[vc_column_text]Des que es va enregistrar l&rsquo;\u00e0lbum, tres conjunts de cordes formen part del conjunt orquestral : grup procedint de l&rsquo;Estudiantina de Saint-Girons (Ari\u00e8ge), Estudiantina d&rsquo;Anglet (Pa\u00eds Basc), el conjunt RondArte de Saragossa (Arag\u00f3, Espanya).[\/vc_column_text][\/vc_column_inner][\/vc_row_inner][vc_row_inner][vc_column_inner][vc_empty_space][vc_zigzag][vc_empty_space][\/vc_column_inner][\/vc_row_inner][vc_row_inner][vc_column_inner width=\u00a0\u00bb1\/2&Prime;][vc_single_image image=\u00a0\u00bb12876&Prime; img_size=\u00a0\u00bbfull\u00a0\u00bb][vc_empty_space]<div class=\"edgtf-title-section-holder\">\n\t\t\t<h3 class=\"edgtf-title-with-dots\" >\n\t\t\tCORS DELS CONCERTS A OCCIT\u00c0NIA\t\t<\/h3>\n\t\t<span class=\"edge-title-separator edge-enable-separator\" ><\/span>\n\n\t<\/div>[vc_column_text]Cor d\u2019homes Asphod\u00e8le (Soual, Tarn)<br \/>\nConjunt vocal Le Diapason Villefranchois (Villefranche-de-Lauragais)<br \/>\nCor Ultreia (L\u00e9zignan-Corbi\u00e8res)<br \/>\nLes Ch\u0153urs de Carcassonne[\/vc_column_text][\/vc_column_inner][vc_column_inner width=\u00a0\u00bb1\/2&Prime;][vc_single_image image=\u00a0\u00bb12736&Prime; img_size=\u00a0\u00bbfull\u00a0\u00bb][vc_empty_space]<div class=\"edgtf-title-section-holder\">\n\t\t\t<h3 class=\"edgtf-title-with-dots\" >\n\t\t\tCONJUNT ORQUESTRAL DELS CONCERTS A OCCIT\u00c0NIA\t\t<\/h3>\n\t\t<span class=\"edge-title-separator edge-enable-separator\" ><\/span>\n\n\t<\/div>[vc_column_text]<\/p>\n<div class=\"wpb_column vc_column_container vc_col-sm-12\">\n<div class=\"vc_column-inner\">\n<div class=\"wpb_wrapper\">\n<div class=\"vc_row wpb_row vc_inner vc_row-fluid edgtf-section edgtf-content-aligment-left\">\n<div class=\"edgtf-full-section-inner\">\n<div class=\"wpb_column vc_column_container vc_col-sm-6\">\n<div class=\"vc_column-inner\">\n<div class=\"wpb_wrapper\">\n<div class=\"wpb_text_column wpb_content_element \">\n<div class=\"wpb_wrapper\">\n<p>V\u00e9ronique Bracco, piano<br \/>\nS\u00e9bastien Lopez, violon<br \/>\nNathalie Ouradou, violoncelle<br \/>\nPascal Lawrynowicz, percussions<br \/>\nEric Rutschle, cor<\/p>\n<\/div>\n<\/div>\n<\/div>\n<\/div>\n<\/div>\n<\/div>\n<\/div>\n<\/div>\n<\/div>\n<\/div>\n<p>[\/vc_column_text][\/vc_column_inner][\/vc_row_inner][\/vc_column][\/vc_row]<\/p>\n","protected":false},"excerpt":{"rendered":"<p>[vc_row css=\u00a0\u00bb.vc_custom_1522057118294{padding-top: 20px !important;padding-bottom: 30px !important;}\u00a0\u00bb][vc_column width=\u00a0\u00bb1\/2&Prime;][vc_single_image image=\u00a0\u00bb12426&Prime; img_size=\u00a0\u00bbfull\u00a0\u00bb][\/vc_column][vc_column width=\u00a0\u00bb1\/2&Prime;][vc_row_inner][vc_column_inner width=\u00a0\u00bb2\/3&Prime;][vc_column_text]Nascut a Tolosa el 1969, va estudiar piano i cant a la seva ciutat natal. Bar\u00edton, graduat del Conservatori Regional de Musica de Bordeus, , guardonat amb la 3\u00aa medalla europea de cant l\u00edric (jurat&#8230;<\/p>\n","protected":false},"author":1,"featured_media":0,"parent":0,"menu_order":0,"comment_status":"closed","ping_status":"closed","template":"","meta":[],"_links":{"self":[{"href":"http:\/\/ariapireneus.com\/index.php\/wp-json\/wp\/v2\/pages\/12751"}],"collection":[{"href":"http:\/\/ariapireneus.com\/index.php\/wp-json\/wp\/v2\/pages"}],"about":[{"href":"http:\/\/ariapireneus.com\/index.php\/wp-json\/wp\/v2\/types\/page"}],"author":[{"embeddable":true,"href":"http:\/\/ariapireneus.com\/index.php\/wp-json\/wp\/v2\/users\/1"}],"replies":[{"embeddable":true,"href":"http:\/\/ariapireneus.com\/index.php\/wp-json\/wp\/v2\/comments?post=12751"}],"version-history":[{"count":12,"href":"http:\/\/ariapireneus.com\/index.php\/wp-json\/wp\/v2\/pages\/12751\/revisions"}],"predecessor-version":[{"id":12917,"href":"http:\/\/ariapireneus.com\/index.php\/wp-json\/wp\/v2\/pages\/12751\/revisions\/12917"}],"wp:attachment":[{"href":"http:\/\/ariapireneus.com\/index.php\/wp-json\/wp\/v2\/media?parent=12751"}],"curies":[{"name":"wp","href":"https:\/\/api.w.org\/{rel}","templated":true}]}}