{"id":12519,"date":"2018-03-27T14:44:29","date_gmt":"2018-03-27T12:44:29","guid":{"rendered":"http:\/\/ariapireneus.com\/?page_id=12519"},"modified":"2018-08-07T17:55:08","modified_gmt":"2018-08-07T15:55:08","slug":"le-programme-espagnol","status":"publish","type":"page","link":"http:\/\/ariapireneus.com\/index.php\/le-programme-espagnol\/","title":{"rendered":"T\u00cdTULOS DEL \u00c1LBUM"},"content":{"rendered":"<p>[vc_row css=\u00a0\u00bb.vc_custom_1521821004994{padding-top: 20px !important;padding-bottom: 60px !important;}\u00a0\u00bb][vc_column width=\u00a0\u00bb1\/2&Prime;]<div class=\"edgtf-title-section-holder\">\n\t\t\t<h2 class=\"edgtf-title-with-dots\" >\n\t\t\tT\u00cdTULOS DEL \u00c1LBUM\t\t<\/h2>\n\t\t<span class=\"edge-title-separator edge-enable-separator\" ><\/span>\n\n\t<\/div>[vc_empty_space][vc_column_text]<strong>1) Hacia Santiago<\/strong><br \/>\nLetra\u00a0: Antonio Machado<br \/>\n<em>M\u00fasica<\/em>\u00a0: Pascal Fenasse et Michel Fenasse-Amat \/ Arreglos\u00a0: Pierre Csillag<\/p>\n<p><strong>2) Gure Printzipe Don Henrike<\/strong><br \/>\n<em>Nacimiento del pr\u00edncipe Enrique de Navarra, futuro rey Enrique IV de Francia y de Navarra.<br \/>\n<\/em>Poes\u00eda an\u00f3nima vasca (siglo XVI)<br \/>\n<em>M\u00fasica<\/em>\u00a0: Michel Fenasse-Amat \/ Arreglos\u00a0: Pierre Csillag<\/p>\n<p><strong>3) Les \u00c9toiles<\/strong><br \/>\n<em>Las estrellas<br \/>\n<\/em>Letra\u00a0: Alphonse de Lamartine<br \/>\n<em>M\u00fasica<\/em>\u00a0: Michel Fenasse-Amat \/ Arreglos : Pierre Csillag<strong><br \/>\n<\/strong><strong><br \/>\n4) Caminando<br \/>\n<\/strong>Letra\u00a0: Michel Fenasse-Amat<br \/>\n<em>M\u00fasica<\/em>\u00a0: Pascal Fenasse \/ Arreglos\u00a0: Pierre Csillag<\/p>\n<p><strong>5) Aria Piren\u00e8us\u00a0\u00a0\u00a0\u00a0\u00a0\u00a0\u00a0\u00a0\u00a0\u00a0\u00a0\u00a0\u00a0\u00a0\u00a0\u00a0\u00a0\u00a0\u00a0\u00a0\u00a0\u00a0\u00a0\u00a0\u00a0\u00a0\u00a0\u00a0\u00a0\u00a0\u00a0\u00a0\u00a0\u00a0\u00a0\u00a0\u00a0\u00a0\u00a0\u00a0\u00a0\u00a0\u00a0\u00a0\u00a0\u00a0\u00a0\u00a0\u00a0\u00a0\u00a0\u00a0\u00a0\u00a0\u00a0\u00a0\u00a0\u00a0\u00a0\u00a0\u00a0\u00a0\u00a0\u00a0\u00a0\u00a0\u00a0\u00a0\u00a0\u00a0\u00a0\u00a0\u00a0\u00a0\u00a0\u00a0\u00a0\u00a0\u00a0\u00a0\u00a0\u00a0\u00a0\u00a0\u00a0\u00a0\u00a0\u00a0\u00a0\u00a0\u00a0\u00a0\u00a0\u00a0\u00a0\u00a0 <\/strong><em>Himno a los Pireneos<br \/>\n<\/em><em>Letra y m\u00fasica<\/em>: Michel Fenasse-Amat \/ Arreglos\u00a0: Pierre Csillag<\/p>\n<p><strong>6) Era Garona<\/strong><br \/>\n<em>El Garona<\/em><em>\u00a0\u00a0\u00a0\u00a0\u00a0 <\/em><br \/>\n<em>M\u00fasica<\/em>\u00a0: Michel Fenasse-Amat \/ Arreglos : Pierre Csillag<\/p>\n<p><strong>7)<\/strong> <strong>Montes de Arag\u00f3n<\/strong><br \/>\n<em>Letra y m\u00fasica <\/em>: Michel Fenasse-Amat \/ Arreglos\u00a0: Pierre Csillag<br \/>\n<strong>\u00a0<\/strong><\/p>\n<p><strong>8) Te Cantem Occit\u00e0nia<br \/>\n<\/strong><em>Te cantamos Occitania<br \/>\n<\/em>Letra\u00a0: Basile Cassaignau et Michel Fenasse-Amat<br \/>\n<em>M\u00fasica <\/em>: Michel Fenasse-Amat \/ Arreglos\u00a0: Pierre Csillag<\/p>\n<p><strong>9) Als Pirineus Catalans<\/strong><br \/>\nLetra\u00a0: Miquel Costa i Llobera<br \/>\n<em>M\u00fasica<\/em>\u00a0: Michel Fenasse-Amat \/ Arreglos\u00a0: Pierre Csillag<\/p>\n<p><strong>10)<\/strong> <strong>La Prima<br \/>\n<\/strong><em>La primavera<br \/>\n<\/em>Letra\u00a0: Pol de Moun\u00e8gre<br \/>\n<em>M\u00fasica<\/em>\u00a0: Michel Fenasse-Amat \/ Arreglos\u00a0: Pierre Csillag<br \/>\n<strong><br \/>\n11) Le Cor des Pyr\u00e9n\u00e9es<br \/>\n<\/strong><em>El corno de los Pirineos<\/em><br \/>\nLetra\u00a0\u00a0: Crevel de Charlemagne<br \/>\n<em>M\u00fasica<\/em>\u00a0: Michel Fenasse-Amat \/ Arreglos\u00a0: Pierre Csillag<\/p>\n<p><strong>12) Les Cavaliers d\u2019Irati<br \/>\n<\/strong><em>Los jinetes de Irati<br \/>\n<\/em><em>M\u00fasica<\/em>\u00a0: Michel Fenasse-Amat \/ Arreglos\u00a0: Pierre Csillag<\/p>\n<p><strong>13) Chemins de Gascogne<br \/>\n<\/strong><em>Caminos de Gascu\u00f1a<br \/>\n<\/em><em>Letra y m\u00fasica <\/em>: Michel Fenasse-Amat \/ Arreglos\u00a0: Pierre Csillag<\/p>\n<p><strong>14) Sol i Boira<br \/>\n<\/strong><em>Sol y bruma<br \/>\n<\/em>Letra\u00a0: Joan Maragall<br \/>\n<em>M\u00fasica<\/em>\u00a0: Michel Fenasse-Amat \/ Arreglos\u00a0: Pierre Csillag<\/p>\n<p><strong>15) Ezkila<br \/>\n<\/strong><em>La campana<br \/>\n<\/em>Letra\u00a0: Jean-Baptiste Elizanburu<br \/>\n<em>M\u00fasica<\/em>\u00a0: Michel Fenasse-Amat \/ Arreglos\u00a0: Pierre Csillag<\/p>\n<p><strong>16) Dama de Massavi\u00e8lha<\/strong><br \/>\n<em>La Se\u00f1ora de Massabielle, Virgen de Lourdes<br \/>\n<\/em>Letra\u00a0: Antoni Junior Sans<br \/>\n<em>M\u00fasica<\/em>\u00a0: Michel Fenasse-Amat \/ Arreglos\u00a0: Pierre Csillag<\/p>\n<p><strong>17) Hosanna des Pyr\u00e9n\u00e9es<\/strong><br \/>\n<em>Hosanna de los Pirineos<br \/>\n<\/em>Letra\u00a0: Michel Fenasse-Amat et Alfred Rolland<br \/>\n<em>M\u00fasica<\/em>\u00a0: Alfred Rolland \/ Arreglos\u00a0: Pierre Csillag\u00a0et Michel Fenasse-Amat[\/vc_column_text][\/vc_column][vc_column width=\u00a0\u00bb1\/2&Prime;][vc_single_image image=\u00a0\u00bb12350&Prime; img_size=\u00a0\u00bb48&#215;48&Prime; alignment=\u00a0\u00bbcenter\u00a0\u00bb onclick=\u00a0\u00bbcustom_link\u00a0\u00bb link=\u00a0\u00bb http:\/\/ariapireneus.com\/index.php\/le-programme-catalan\u00a0\u00bb][vc_single_image image=\u00a0\u00bb12363&Prime; alignment=\u00a0\u00bbcenter\u00a0\u00bb onclick=\u00a0\u00bbcustom_link\u00a0\u00bb link=\u00a0\u00bbhttp:\/\/ariapireneus.com\/index.php\/le-programme\/\u00a0\u00bb][vc_single_image image=\u00a0\u00bb12352&Prime; img_size=\u00a0\u00bb48&#215;48&Prime; alignment=\u00a0\u00bbcenter\u00a0\u00bb onclick=\u00a0\u00bbcustom_link\u00a0\u00bb link=\u00a0\u00bb http:\/\/ariapireneus.com\/index.php\/le-programme-anglais\u00a0\u00bb][vc_single_image image=\u00a0\u00bb12353&Prime; img_size=\u00a0\u00bb48&#215;48&Prime; alignment=\u00a0\u00bbcenter\u00a0\u00bb onclick=\u00a0\u00bbcustom_link\u00a0\u00bb link=\u00a0\u00bb http:\/\/ariapireneus.com\/index.php\/le-programme-occitan\u00a0\u00bb][vc_single_image image=\u00a0\u00bb12354&Prime; img_size=\u00a0\u00bb48&#215;48&Prime; alignment=\u00a0\u00bbcenter\u00a0\u00bb onclick=\u00a0\u00bbcustom_link\u00a0\u00bb link=\u00a0\u00bb http:\/\/ariapireneus.com\/index.php\/le-programme-basque\u00a0\u00bb][vc_single_image image=\u00a0\u00bb12355&Prime; img_size=\u00a0\u00bb48&#215;48&Prime; alignment=\u00a0\u00bbcenter\u00a0\u00bb onclick=\u00a0\u00bbcustom_link\u00a0\u00bb link=\u00a0\u00bb http:\/\/ariapireneus.com\/index.php\/le-programme-espagnol\u00a0\u00bb][vc_empty_space][vc_zigzag][vc_empty_space][vc_single_image image=\u00a0\u00bb12340&Prime; img_size=\u00a0\u00bblarge\u00a0\u00bb][vc_empty_space][vc_single_image image=\u00a0\u00bb12338&Prime; img_size=\u00a0\u00bblarge\u00a0\u00bb][vc_empty_space][vc_single_image image=\u00a0\u00bb12516&Prime; img_size=\u00a0\u00bblarge\u00a0\u00bb][\/vc_column][\/vc_row]<\/p>\n","protected":false},"excerpt":{"rendered":"<p>[vc_row css=\u00a0\u00bb.vc_custom_1521821004994{padding-top: 20px !important;padding-bottom: 60px !important;}\u00a0\u00bb][vc_column width=\u00a0\u00bb1\/2&Prime;][vc_empty_space][vc_column_text]1) Hacia Santiago Letra\u00a0: Antonio Machado M\u00fasica\u00a0: Pascal Fenasse et Michel Fenasse-Amat \/ Arreglos\u00a0: Pierre Csillag 2) Gure Printzipe Don Henrike Nacimiento del pr\u00edncipe Enrique de Navarra, futuro rey Enrique IV de Francia y de Navarra. Poes\u00eda an\u00f3nima vasca&#8230;<\/p>\n","protected":false},"author":1,"featured_media":0,"parent":0,"menu_order":0,"comment_status":"closed","ping_status":"closed","template":"","meta":[],"_links":{"self":[{"href":"http:\/\/ariapireneus.com\/index.php\/wp-json\/wp\/v2\/pages\/12519"}],"collection":[{"href":"http:\/\/ariapireneus.com\/index.php\/wp-json\/wp\/v2\/pages"}],"about":[{"href":"http:\/\/ariapireneus.com\/index.php\/wp-json\/wp\/v2\/types\/page"}],"author":[{"embeddable":true,"href":"http:\/\/ariapireneus.com\/index.php\/wp-json\/wp\/v2\/users\/1"}],"replies":[{"embeddable":true,"href":"http:\/\/ariapireneus.com\/index.php\/wp-json\/wp\/v2\/comments?post=12519"}],"version-history":[{"count":6,"href":"http:\/\/ariapireneus.com\/index.php\/wp-json\/wp\/v2\/pages\/12519\/revisions"}],"predecessor-version":[{"id":12662,"href":"http:\/\/ariapireneus.com\/index.php\/wp-json\/wp\/v2\/pages\/12519\/revisions\/12662"}],"wp:attachment":[{"href":"http:\/\/ariapireneus.com\/index.php\/wp-json\/wp\/v2\/media?parent=12519"}],"curies":[{"name":"wp","href":"https:\/\/api.w.org\/{rel}","templated":true}]}}