{"id":12507,"date":"2018-03-27T14:18:40","date_gmt":"2018-03-27T12:18:40","guid":{"rendered":"http:\/\/ariapireneus.com\/?page_id=12507"},"modified":"2018-08-07T17:53:28","modified_gmt":"2018-08-07T15:53:28","slug":"le-programme","status":"publish","type":"page","link":"http:\/\/ariapireneus.com\/index.php\/le-programme\/","title":{"rendered":"LES TITRES DE L&rsquo;ALBUM"},"content":{"rendered":"<p>[vc_row css=\u00a0\u00bb.vc_custom_1521821004994{padding-top: 20px !important;padding-bottom: 60px !important;}\u00a0\u00bb][vc_column width=\u00a0\u00bb1\/2&Prime;]<div class=\"edgtf-title-section-holder\">\n\t\t\t<h2 class=\"edgtf-title-with-dots\" >\n\t\t\tLES TITRES DE L&#039;ALBUM\t\t<\/h2>\n\t\t<span class=\"edge-title-separator edge-enable-separator\" ><\/span>\n\n\t<\/div>[vc_empty_space][vc_column_text]<strong>1) Hacia Santiago<\/strong><br \/>\n<em>En cheminant vers Saint-Jacques<br \/>\n<\/em>Paroles\u00a0: Antonio Machado<br \/>\nMusique\u00a0: Pascal Fenasse et Michel Fenasse-Amat \/ Arrangement\u00a0: Pierre Csillag<\/p>\n<p><strong>2) Gure Printzipe Don Henrike<\/strong><br \/>\n<em>Naissance du prince Henri de Navarre, futur roi Henri IV de France et de Navarre<br \/>\n<\/em>Po\u00e9sie anonyme basque (XVI\u00e8me si\u00e8cle)<br \/>\nMusique\u00a0: Michel Fenasse-Amat \/ Arrangement\u00a0: Pierre Csillag<\/p>\n<p><strong>3) Les \u00c9toiles<br \/>\n<\/strong>Paroles\u00a0: Alphonse de Lamartine<br \/>\nMusique\u00a0: Michel Fenasse-Amat \/ Arrangement\u00a0: Pierre Csillag<\/p>\n<p><strong>4) Caminando<br \/>\n<\/strong><em>En cheminant<br \/>\n<\/em>Paroles\u00a0: Michel Fenasse-Amat<br \/>\nMusique\u00a0: Pascal Fenasse \/ Arrangement\u00a0: Pierre Csillag<\/p>\n<p><strong>5) Aria Piren\u00e8us<br \/>\n<\/strong><em>Hymne aux Pyr\u00e9n\u00e9es<br \/>\n<\/em>Paroles et musique\u00a0: Michel Fenasse-Amat \/ Arrangement\u00a0: Pierre Csillag<\/p>\n<p><strong>6) Era Garona<\/strong><br \/>\nInstrumental <em>La Garonne<\/em><em><br \/>\n<\/em>Musique\u00a0: Michel Fenasse-Amat \/ Arrangement\u00a0: Pierre Csillag<\/p>\n<p><strong>7)<\/strong> <strong>Montes de Arag\u00f3n<\/strong><br \/>\n<em>Les Monts d\u2019Aragon<br \/>\n<\/em>Paroles et musique\u00a0: Michel Fenasse-Amat \/ Arrangement\u00a0: Pierre Csillag<\/p>\n<p><strong>8) Te Cantem Occit\u00e0nia<br \/>\n<\/strong><em>Nous te chantons Occitanie<\/em><strong><br \/>\n<\/strong>Paroles\u00a0: Basile Cassaignau et Michel Fenasse-Amat<br \/>\nMusique\u00a0: Michel Fenasse-Amat \/ Arrangement\u00a0: Pierre Csillag<\/p>\n<p><strong>9) Als Pirineus Catalans<br \/>\n<\/strong><em>Aux Pyr\u00e9n\u00e9es Catalanes<br \/>\n<\/em>Paroles\u00a0: Miquel Costa i Llobera<br \/>\nMusique\u00a0: Michel Fenasse-Amat \/ Arrangement\u00a0: Pierre Csillag<\/p>\n<p><strong>10) La Prima<br \/>\n<\/strong><em>Le printemps<br \/>\n<\/em>Paroles\u00a0: Pol de Moun\u00e8gre<br \/>\nMusique\u00a0: Michel Fenasse-Amat \/ Arrangement\u00a0: Pierre Csillag<\/p>\n<p><strong>11) Le Cor des Pyr\u00e9n\u00e9es<br \/>\n<\/strong>Paroles\u00a0: Crevel de Charlemagne<br \/>\nMusique\u00a0: Michel Fenasse-Amat \/ Arrangement\u00a0: Pierre Csillag<\/p>\n<p><strong>12) Les Cavaliers d\u2019Irati<br \/>\n<\/strong>Instrumental<br \/>\nMusique\u00a0: Michel Fenasse-Amat \/ Arrangement\u00a0: Pierre Csillag<\/p>\n<p><strong>13) Chemins de Gascogne<br \/>\n<\/strong>Paroles et musique\u00a0: Michel Fenasse-Amat \/ Arrangement\u00a0: Pierre Csillag<\/p>\n<p><strong>14) Sol i Boira<br \/>\n<\/strong><em>Soleil et brume<br \/>\n<\/em>Paroles\u00a0: Joan Maragall<br \/>\nMusique\u00a0: Michel Fenasse-Amat \/ Arrangement\u00a0: Pierre Csillag<\/p>\n<p><strong>15)Ezkila<br \/>\n<\/strong><em>La cloche<br \/>\n<\/em>Paroles\u00a0: Jean-Baptiste Elizanburu<br \/>\nMusique\u00a0: Michel Fenasse-Amat \/ Arrangement\u00a0: Pierre Csillag<\/p>\n<p><strong>16) Dama de Massavi\u00e8lha<br \/>\n<\/strong><em>La Dame de Massabielle, Vierge de Lourdes<br \/>\n<\/em>Paroles\u00a0: Antoni Junior Sans<br \/>\nMusique\u00a0: Michel Fenasse-Amat \/ Arrangement\u00a0: Pierre Csillag<\/p>\n<p><strong>17) Hosanna des Pyr\u00e9n\u00e9es<br \/>\n<\/strong>Paroles\u00a0: Michel Fenasse-Amat et Alfred Rolland<br \/>\nMusique\u00a0: Alfred Rolland \/ Arrangement\u00a0: Pierre Csillag\u00a0et Michel Fenasse-Amat[\/vc_column_text][\/vc_column][vc_column width=\u00a0\u00bb1\/2&Prime;][vc_single_image image=\u00a0\u00bb12350&Prime; img_size=\u00a0\u00bb48&#215;48&Prime; alignment=\u00a0\u00bbcenter\u00a0\u00bb onclick=\u00a0\u00bbcustom_link\u00a0\u00bb link=\u00a0\u00bb http:\/\/ariapireneus.com\/index.php\/le-programme-catalan\u00a0\u00bb][vc_single_image image=\u00a0\u00bb12363&Prime; alignment=\u00a0\u00bbcenter\u00a0\u00bb onclick=\u00a0\u00bbcustom_link\u00a0\u00bb link=\u00a0\u00bbhttp:\/\/ariapireneus.com\/\u00a0\u00bb][vc_single_image image=\u00a0\u00bb12352&Prime; img_size=\u00a0\u00bb48&#215;48&Prime; alignment=\u00a0\u00bbcenter\u00a0\u00bb onclick=\u00a0\u00bbcustom_link\u00a0\u00bb link=\u00a0\u00bb http:\/\/ariapireneus.com\/index.php\/le-programme-anglais\u00a0\u00bb][vc_single_image image=\u00a0\u00bb12353&Prime; img_size=\u00a0\u00bb48&#215;48&Prime; alignment=\u00a0\u00bbcenter\u00a0\u00bb onclick=\u00a0\u00bbcustom_link\u00a0\u00bb link=\u00a0\u00bb http:\/\/ariapireneus.com\/index.php\/le-programme-occitan\u00a0\u00bb][vc_single_image image=\u00a0\u00bb12354&Prime; img_size=\u00a0\u00bb48&#215;48&Prime; alignment=\u00a0\u00bbcenter\u00a0\u00bb onclick=\u00a0\u00bbcustom_link\u00a0\u00bb link=\u00a0\u00bb http:\/\/ariapireneus.com\/index.php\/le-programme-basque\u00a0\u00bb][vc_single_image image=\u00a0\u00bb12355&Prime; img_size=\u00a0\u00bb48&#215;48&Prime; alignment=\u00a0\u00bbcenter\u00a0\u00bb onclick=\u00a0\u00bbcustom_link\u00a0\u00bb link=\u00a0\u00bb http:\/\/ariapireneus.com\/index.php\/le-programme-espagnol\u00a0\u00bb][vc_empty_space][vc_zigzag][vc_empty_space][vc_single_image image=\u00a0\u00bb12340&Prime; img_size=\u00a0\u00bblarge\u00a0\u00bb][vc_empty_space][vc_single_image image=\u00a0\u00bb12338&Prime; img_size=\u00a0\u00bblarge\u00a0\u00bb][vc_empty_space][vc_single_image image=\u00a0\u00bb12516&Prime; img_size=\u00a0\u00bblarge\u00a0\u00bb][\/vc_column][\/vc_row]<\/p>\n","protected":false},"excerpt":{"rendered":"<p>[vc_row css=\u00a0\u00bb.vc_custom_1521821004994{padding-top: 20px !important;padding-bottom: 60px !important;}\u00a0\u00bb][vc_column width=\u00a0\u00bb1\/2&Prime;][vc_empty_space][vc_column_text]1) Hacia Santiago En cheminant vers Saint-Jacques Paroles\u00a0: Antonio Machado Musique\u00a0: Pascal Fenasse et Michel Fenasse-Amat \/ Arrangement\u00a0: Pierre Csillag 2) Gure Printzipe Don Henrike Naissance du prince Henri de Navarre, futur roi Henri IV de France et de&#8230;<\/p>\n","protected":false},"author":1,"featured_media":0,"parent":0,"menu_order":0,"comment_status":"closed","ping_status":"closed","template":"","meta":[],"_links":{"self":[{"href":"http:\/\/ariapireneus.com\/index.php\/wp-json\/wp\/v2\/pages\/12507"}],"collection":[{"href":"http:\/\/ariapireneus.com\/index.php\/wp-json\/wp\/v2\/pages"}],"about":[{"href":"http:\/\/ariapireneus.com\/index.php\/wp-json\/wp\/v2\/types\/page"}],"author":[{"embeddable":true,"href":"http:\/\/ariapireneus.com\/index.php\/wp-json\/wp\/v2\/users\/1"}],"replies":[{"embeddable":true,"href":"http:\/\/ariapireneus.com\/index.php\/wp-json\/wp\/v2\/comments?post=12507"}],"version-history":[{"count":11,"href":"http:\/\/ariapireneus.com\/index.php\/wp-json\/wp\/v2\/pages\/12507\/revisions"}],"predecessor-version":[{"id":12666,"href":"http:\/\/ariapireneus.com\/index.php\/wp-json\/wp\/v2\/pages\/12507\/revisions\/12666"}],"wp:attachment":[{"href":"http:\/\/ariapireneus.com\/index.php\/wp-json\/wp\/v2\/media?parent=12507"}],"curies":[{"name":"wp","href":"https:\/\/api.w.org\/{rel}","templated":true}]}}