{"id":12486,"date":"2018-03-26T17:16:13","date_gmt":"2018-03-26T15:16:13","guid":{"rendered":"http:\/\/ariapireneus.com\/?page_id=12486"},"modified":"2022-04-29T08:05:53","modified_gmt":"2022-04-29T06:05:53","slug":"concerts","status":"publish","type":"page","link":"http:\/\/ariapireneus.com\/index.php\/concerts\/","title":{"rendered":"Concerts"},"content":{"rendered":"<p>[vc_row css=\u00a0\u00bb.vc_custom_1521821004994{padding-top: 20px !important;padding-bottom: 60px !important;}\u00a0\u00bb][vc_column width=\u00a0\u00bb5\/6&Prime;][vc_column_text]<strong><img loading=\"lazy\" class=\"alignright wp-image-12932\" src=\"http:\/\/ariapireneus.com\/wp-content\/uploads\/2022\/04\/affiche-A4-2022-vectoweb-724x1024.jpg\" alt=\"\" width=\"424\" height=\"600\" srcset=\"http:\/\/ariapireneus.com\/wp-content\/uploads\/2022\/04\/affiche-A4-2022-vectoweb-724x1024.jpg 724w, http:\/\/ariapireneus.com\/wp-content\/uploads\/2022\/04\/affiche-A4-2022-vectoweb-212x300.jpg 212w, http:\/\/ariapireneus.com\/wp-content\/uploads\/2022\/04\/affiche-A4-2022-vectoweb-768x1086.jpg 768w, http:\/\/ariapireneus.com\/wp-content\/uploads\/2022\/04\/affiche-A4-2022-vectoweb-1086x1536.jpg 1086w, http:\/\/ariapireneus.com\/wp-content\/uploads\/2022\/04\/affiche-A4-2022-vectoweb-1448x2048.jpg 1448w, http:\/\/ariapireneus.com\/wp-content\/uploads\/2022\/04\/affiche-A4-2022-vectoweb-scaled.jpg 1810w\" sizes=\"(max-width: 424px) 100vw, 424px\" \/><\/strong><\/p>\n<p><strong>Le programme d\u2019une vingtaine de morceaux est interpr\u00e9t\u00e9 par Michel Fenasse-Amat entour\u00e9 d\u2019un ch\u0153ur et d\u2019un ensemble orchestral.<\/strong><\/p>\n<p><strong>\u00a0<\/strong><\/p>\n<p>Depuis la cr\u00e9ation publique \u00e0 l\u2019Ostal d\u2019Occit\u00e0nia de Toulouse (Maison de l\u2019Occitanie) en Octobre 2015 et la sortie de l\u2019album <em>Aria Piren\u00e8us<\/em> (label Agorila) en 2016, la cr\u00e9ation musicale pyr\u00e9n\u00e9enne de Michel Fenasse-Amat a \u00e9t\u00e9 pr\u00e9sent\u00e9e dans le cadre de diverses programmations : Festival de la Cath\u00e9drale de Narbonne, Sc\u00e8ne de Foix, Festival D\u00e9odat de S\u00e9verac, tourn\u00e9e salu\u00e9e par la presse en ao\u00fbt 2018 au Pays Basque avec un final dans la cour du Ch\u00e2teau de Pau&#8230;<\/p>\n<p><em>Aria Piren\u00e8us<\/em> a \u00e9t\u00e9 programm\u00e9 dans l\u2019\u00e9v\u00e8nement toulousain \u00ab\u00a02018 l\u2019ann\u00e9e de l\u2019Occitanie\u00a0&#8211; Tolosa Occitana\u00a0\u00bb, puis en Espagne en juin 2019 au Ch\u00e2teau de Loarre (Province de Huesca) programm\u00e9 par la Communaut\u00e9 Autonome d\u2019Aragon, et en septembre 2019 Cour du Ch\u00e2teau Comtal de la Cit\u00e9 de Carcassonne (programm\u00e9 par les Monuments de France).<\/p>\n<p>D\u2019octobre 2020 \u00e0 mai 2022, r\u00e9sidences artistiques \u00e0\u00a0l\u2019Ospitalea d\u2019Irrissary (Commanderie, 17\u00e8me si\u00e8cle \u2013 propri\u00e9t\u00e9 du D\u00e9partement des Pyr\u00e9n\u00e9es Atlantiques), haut-lieu des Chemins de Compostelle au Pays Basque.<\/p>\n<p>Ces r\u00e9sidences artistiques \u00e0 l\u2019Ospitalea d\u2019Irissarry permettent la continuation du d\u00e9veloppement de l\u2019\u0153uvre avec notamment de nouvelles compositions et le rassemblement de choristes et musiciens du Pays Basque et du d\u00e9partement.[\/vc_column_text][vc_empty_space][vc_zigzag][vc_empty_space][vc_column_text]<strong><img loading=\"lazy\" class=\"wp-image-12710 size-full alignright\" src=\"http:\/\/ariapireneus.com\/wp-content\/uploads\/2020\/06\/carcasonne.png\" alt=\"\" width=\"520\" height=\"467\" srcset=\"http:\/\/ariapireneus.com\/wp-content\/uploads\/2020\/06\/carcasonne.png 520w, http:\/\/ariapireneus.com\/wp-content\/uploads\/2020\/06\/carcasonne-300x269.png 300w\" sizes=\"(max-width: 520px) 100vw, 520px\" \/><\/strong><\/p>\n<p><strong><span style=\"color: #ff0000;\">Les concerts<\/span><\/strong><\/p>\n<div>\n<p><strong>Dimanche 20 mars 2022<br \/>\n<\/strong>Irissarry, 16h30<br \/>\n\u00c9glise Saint-Jean-Baptiste<\/p>\n<p><strong>Dimanche 29 avril 2022<br \/>\n<\/strong>Cambo-les-Bains, 20h30<br \/>\n\u00c9glise Saint-Laurent<br \/>\nFestival Musical et Litt\u00e9raire d&rsquo;Arnaga<\/p>\n<p><strong>Lundi 9 mai 2022<br \/>\n<\/strong>Bruxelles &#8211; F\u00eate de l&rsquo;Europe, 20h00<br \/>\nCath\u00e9drale Saint-Jacques-sur-Coudenberg<\/p>\n<p><strong>Dimanche 25 ao\u00fbt 2022<br \/>\n<\/strong>Arcangues, 21h15<br \/>\n\u00c9glise Saint-Jean-Baptiste<br \/>\n(repli \u00e0 l&rsquo;\u00e9glise en cas de mauvais temps)<br \/>\nLes Nuits d&rsquo;Arcangues &#8211; Programmation lyrique estivale en Pays basque<\/p>\n<\/div>\n<p>[\/vc_column_text][vc_empty_space][vc_zigzag][\/vc_column][vc_column width=\u00a0\u00bb1\/6&Prime;][vc_single_image image=\u00a0\u00bb12350&Prime; img_size=\u00a0\u00bb48&#215;48&Prime; alignment=\u00a0\u00bbcenter\u00a0\u00bb onclick=\u00a0\u00bbcustom_link\u00a0\u00bb link=\u00a0\u00bbhttp:\/\/ariapireneus.com\/index.php\/concerts-catalan\/\u00a0\u00bb][vc_single_image image=\u00a0\u00bb12363&Prime; alignment=\u00a0\u00bbcenter\u00a0\u00bb onclick=\u00a0\u00bbcustom_link\u00a0\u00bb link=\u00a0\u00bbhttp:\/\/ariapireneus.com\/\u00a0\u00bb][vc_single_image image=\u00a0\u00bb12352&Prime; img_size=\u00a0\u00bb48&#215;48&Prime; alignment=\u00a0\u00bbcenter\u00a0\u00bb onclick=\u00a0\u00bbcustom_link\u00a0\u00bb link=\u00a0\u00bbhttp:\/\/ariapireneus.com\/index.php\/concerts-anglais\/\u00a0\u00bb][vc_single_image image=\u00a0\u00bb12353&Prime; img_size=\u00a0\u00bb48&#215;48&Prime; alignment=\u00a0\u00bbcenter\u00a0\u00bb onclick=\u00a0\u00bbcustom_link\u00a0\u00bb link=\u00a0\u00bbhttp:\/\/ariapireneus.com\/index.php\/concerts-occitan\/\u00a0\u00bb][vc_single_image image=\u00a0\u00bb12354&Prime; img_size=\u00a0\u00bb48&#215;48&Prime; alignment=\u00a0\u00bbcenter\u00a0\u00bb onclick=\u00a0\u00bbcustom_link\u00a0\u00bb link=\u00a0\u00bbhttp:\/\/ariapireneus.com\/index.php\/concerts-basque\/\u00a0\u00bb][vc_single_image image=\u00a0\u00bb12355&Prime; img_size=\u00a0\u00bb48&#215;48&Prime; alignment=\u00a0\u00bbcenter\u00a0\u00bb onclick=\u00a0\u00bbcustom_link\u00a0\u00bb link=\u00a0\u00bbhttp:\/\/ariapireneus.com\/index.php\/concerts-espagnol\/\u00a0\u00bb][\/vc_column][\/vc_row][vc_row css=\u00a0\u00bb.vc_custom_1522830505292{padding-bottom: 30px !important;}\u00a0\u00bb][vc_column width=\u00a0\u00bb1\/2&Prime;][vc_single_image image=\u00a0\u00bb12708&Prime; img_size=\u00a0\u00bbfull\u00a0\u00bb][\/vc_column][vc_column width=\u00a0\u00bb1\/2&Prime;][vc_single_image image=\u00a0\u00bb12707&Prime; img_size=\u00a0\u00bbfull\u00a0\u00bb][\/vc_column][\/vc_row][vc_row css=\u00a0\u00bb.vc_custom_1522830505292{padding-bottom: 30px !important;}\u00a0\u00bb][vc_column width=\u00a0\u00bb1\/2&Prime;][vc_single_image image=\u00a0\u00bb12784&Prime; img_size=\u00a0\u00bbfull\u00a0\u00bb][\/vc_column][vc_column width=\u00a0\u00bb1\/2&Prime;][vc_single_image image=\u00a0\u00bb12706&Prime; img_size=\u00a0\u00bbfull\u00a0\u00bb][\/vc_column][\/vc_row]<\/p>\n","protected":false},"excerpt":{"rendered":"<p>[vc_row css=\u00a0\u00bb.vc_custom_1521821004994{padding-top: 20px !important;padding-bottom: 60px !important;}\u00a0\u00bb][vc_column width=\u00a0\u00bb5\/6&Prime;][vc_column_text] Le programme d\u2019une vingtaine de morceaux est interpr\u00e9t\u00e9 par Michel Fenasse-Amat entour\u00e9 d\u2019un ch\u0153ur et d\u2019un ensemble orchestral. \u00a0 Depuis la cr\u00e9ation publique \u00e0 l\u2019Ostal d\u2019Occit\u00e0nia de Toulouse (Maison de l\u2019Occitanie) en Octobre 2015 et la sortie de&#8230;<\/p>\n","protected":false},"author":1,"featured_media":0,"parent":0,"menu_order":0,"comment_status":"closed","ping_status":"closed","template":"","meta":[],"_links":{"self":[{"href":"http:\/\/ariapireneus.com\/index.php\/wp-json\/wp\/v2\/pages\/12486"}],"collection":[{"href":"http:\/\/ariapireneus.com\/index.php\/wp-json\/wp\/v2\/pages"}],"about":[{"href":"http:\/\/ariapireneus.com\/index.php\/wp-json\/wp\/v2\/types\/page"}],"author":[{"embeddable":true,"href":"http:\/\/ariapireneus.com\/index.php\/wp-json\/wp\/v2\/users\/1"}],"replies":[{"embeddable":true,"href":"http:\/\/ariapireneus.com\/index.php\/wp-json\/wp\/v2\/comments?post=12486"}],"version-history":[{"count":38,"href":"http:\/\/ariapireneus.com\/index.php\/wp-json\/wp\/v2\/pages\/12486\/revisions"}],"predecessor-version":[{"id":12488,"href":"http:\/\/ariapireneus.com\/index.php\/wp-json\/wp\/v2\/pages\/12486\/revisions\/12488"}],"wp:attachment":[{"href":"http:\/\/ariapireneus.com\/index.php\/wp-json\/wp\/v2\/media?parent=12486"}],"curies":[{"name":"wp","href":"https:\/\/api.w.org\/{rel}","templated":true}]}}